{"id":2800,"date":"2018-06-20T12:56:43","date_gmt":"2018-06-20T12:56:43","guid":{"rendered":"http:\/\/www.alhaurinvistagolf.com\/?page_id=2800"},"modified":"2019-01-09T18:44:03","modified_gmt":"2019-01-09T18:44:03","slug":"over-ons","status":"publish","type":"page","link":"https:\/\/picassotowers-malaga.com\/pl\/o-nas\/","title":{"rendered":"O nas"},"content":{"rendered":"<div  class=\"content_row row vc_row wpb_row  default-style fullwidth\" >\n\t\n\t<div class=\"content_row_wrapper  default\" >\n\t<div id=\"asdasd\" class=\"vc_col-sm-12 wpb_column vc_column_container\" >\n\t<div class=\"vc_column-inner\">\n\t\t<div class=\"wpb_wrapper\" >\n\t\t\t<div class=\"wpb_revslider_element wpb_content_element\">\n<div id=\"rev_slider_4_1_wrapper\" class=\"rev_slider_wrapper fullwidthbanner-container\" data-source=\"gallery\" style=\"margin:0px auto;background:transparent;padding:0px;margin-top:0px;margin-bottom:0px;\">\n<!-- START REVOLUTION SLIDER 5.4.7.3 fullwidth mode -->\n\t<div id=\"rev_slider_4_1\" class=\"rev_slider fullwidthabanner\" style=\"display:none;\" data-version=\"5.4.7.3\">\n<ul>\t<!-- SLIDE  -->\n\t<li data-index=\"rs-6\" data-transition=\"fade\" data-slotamount=\"default\" data-hideafterloop=\"0\" data-hideslideonmobile=\"off\"  data-easein=\"default\" data-easeout=\"default\" data-masterspeed=\"300\"  data-rotate=\"0\"  data-saveperformance=\"off\"  data-ssop=\"true\"  data-title=\"Slide\" data-param1=\"\" data-param2=\"\" data-param3=\"\" data-param4=\"\" data-param5=\"\" data-param6=\"\" data-param7=\"\" data-param8=\"\" data-param9=\"\" data-param10=\"\" data-description=\"\">\n\t\t<!-- MAIN IMAGE -->\n\t\t<img decoding=\"async\" src=\"https:\/\/picassotowers-malaga.com\/wp-content\/plugins\/revslider\/admin\/assets\/images\/transparent.png\"  alt=\"\" title=\"O nas\"  data-bgposition=\"center center\" data-bgfit=\"cover\" data-bgrepeat=\"no-repeat\" class=\"rev-slidebg\" data-no-retina>\n\t\t<!-- LAYERS -->\n\n\t\t<!-- LAYER NR. 1 -->\n\t\t<div class=\"tp-caption   tp-resizeme\" \n\t\t\t id=\"slide-6-layer-7\" \n\t\t\t data-x=\"-101\" \n\t\t\t data-y=\"-112\" \n\t\t\t\t\t\tdata-width=\"['none','none','none','none']\"\n\t\t\tdata-height=\"['none','none','none','none']\"\n \n\t\t\tdata-type=\"image\" \n\t\t\tdata-responsive_offset=\"on\" \n\n\t\t\tdata-frames='[{\"delay\":0,\"speed\":300,\"frame\":\"0\",\"from\":\"opacity:0;\",\"to\":\"o:1;\",\"ease\":\"Power3.easeInOut\"},{\"delay\":\"wait\",\"speed\":300,\"frame\":\"999\",\"to\":\"opacity:0;\",\"ease\":\"Power3.easeInOut\"}]'\n\t\t\tdata-textalign=\"['inherit','inherit','inherit','inherit']\"\n\t\t\tdata-paddingtop=\"[0,0,0,0]\"\n\t\t\tdata-paddingright=\"[0,0,0,0]\"\n\t\t\tdata-paddingbottom=\"[0,0,0,0]\"\n\t\t\tdata-paddingleft=\"[0,0,0,0]\"\n\n\t\t\tstyle=\"z-index: 5;\"><img decoding=\"async\" src=\"https:\/\/www.alhaurinvistagolf.com\/wp-content\/uploads\/2019\/01\/slg-property-alharin-vista-golf-1.jpg\" alt=\"\" data-ww=\"1448px\" data-hh=\"724px\" data-no-retina> <\/div>\n\t<\/li>\n<\/ul>\n<div class=\"tp-bannertimer tp-bottom\" style=\"visibility: hidden !important;\"><\/div>\t<\/div>\n<script>var htmlDiv = document.getElementById(\"rs-plugin-settings-inline-css\"); var htmlDivCss=\"\";\r\n\t\t\t\tif(htmlDiv) {\r\n\t\t\t\t\thtmlDiv.innerHTML = htmlDiv.innerHTML + htmlDivCss;\r\n\t\t\t\t}else{\r\n\t\t\t\t\tvar htmlDiv = document.createElement(\"div\");\r\n\t\t\t\t\thtmlDiv.innerHTML = \"<style>\" + htmlDivCss + \"<\/style>\";\r\n\t\t\t\t\tdocument.getElementsByTagName(\"head\")[0].appendChild(htmlDiv.childNodes[0]);\r\n\t\t\t\t}\r\n\t\t\t<\/script>\n\t\t<script type=\"text\/javascript\">\r\nif (setREVStartSize!==undefined) setREVStartSize(\r\n\t{c: '#rev_slider_4_1', gridwidth: [1240], gridheight: [464], sliderLayout: 'fullwidth'});\r\n\t\t\t\r\nvar revapi4,\r\n\ttpj;\t\r\n(function() {\t\t\t\r\n\tif (!\/loaded|interactive|complete\/.test(document.readyState)) document.addEventListener(\"DOMContentLoaded\",onLoad); else onLoad();\t\r\n\tfunction onLoad() {\t\t\t\t\r\n\t\tif (tpj===undefined) { tpj = jQuery; if(\"off\" == \"on\") tpj.noConflict();}\r\n\tif(tpj(\"#rev_slider_4_1\").revolution == undefined){\n\t\trevslider_showDoubleJqueryError(\"#rev_slider_4_1\");\n\t}else{\n\t\trevapi4 = tpj(\"#rev_slider_4_1\").show().revolution({\n\t\t\tsliderType:\"standard\",\n\t\t\tjsFileLocation:\"\/\/picassotowers-malaga.com\/wp-content\/plugins\/revslider\/public\/assets\/js\/\",\n\t\t\tsliderLayout:\"fullwidth\",\n\t\t\tdottedOverlay:\"none\",\n\t\t\tdelay:6000,\n\t\t\tnavigation: {\n\t\t\t\tonHoverStop:\"off\",\n\t\t\t},\n\t\t\tvisibilityLevels:[1240,1024,778,480],\n\t\t\tgridwidth:1240,\n\t\t\tgridheight:464,\n\t\t\tlazyType:\"none\",\n\t\t\tshadow:0,\n\t\t\tspinner:\"spinner0\",\n\t\t\tstopLoop:\"off\",\n\t\t\tstopAfterLoops:-1,\n\t\t\tstopAtSlide:-1,\n\t\t\tshuffle:\"off\",\n\t\t\tautoHeight:\"off\",\n\t\t\tdisableProgressBar:\"on\",\n\t\t\thideThumbsOnMobile:\"off\",\n\t\t\thideSliderAtLimit:0,\n\t\t\thideCaptionAtLimit:0,\n\t\t\thideAllCaptionAtLilmit:0,\n\t\t\tdebugMode:false,\n\t\t\tfallbacks: {\n\t\t\t\tsimplifyAll:\"off\",\n\t\t\t\tnextSlideOnWindowFocus:\"off\",\n\t\t\t\tdisableFocusListener:false,\n\t\t\t}\n\t\t});\n\t}; \/* END OF revapi call *\/\n\t\n }; \/* END OF ON LOAD FUNCTION *\/\r\n}()); \/* END OF WRAPPING FUNCTION *\/\r\n<\/script>\r\n\t\t<\/div><!-- END REVOLUTION SLIDER --><\/div>\n\t\t<\/div>\n\t<\/div>\n\t<\/div>\n\n<\/div>\n<\/div>\n\n<div  class=\"content_row row vc_row wpb_row  default-style fullwidth\" >\n\t\n\t<div class=\"content_row_wrapper  default\" >\n\t<div id=\"asdasd\" class=\"vc_col-sm-12 wpb_column vc_column_container\" >\n\t<div class=\"vc_column-inner\">\n\t\t<div class=\"wpb_wrapper\" >\n\t\t\t\n\t<div class=\"wpb_text_column wpb_content_element\" >\n\t\t<div class=\"wpb_wrapper\">\n\t\t\t<h3>SLG Property \u2013 do\u015bwiadczenie, fachowo\u015b\u0107 i najszerszy wyb\u00f3r na Costa del Sol<\/h3>\n<p>SLG Property to zesp\u00f3\u0142 do\u015bwiadczonych i kompetentnych agent\u00f3w nieruchomo\u015bci, pos\u0142uguj\u0105cych si\u0119 j\u0119zykiem niderlandzkim, dzia\u0142aj\u0105cych na Costa del Sol. Za\u0142o\u017cyciel, Ron de Vries, ma ponad dwudziestoletnie do\u015bwiadczenie jako agent nieruchomo\u015bci na Costa del Sol. Dzi\u0119ki rozleg\u0142ej sieci deweloper\u00f3w i hiszpa\u0144skich bank\u00f3w, SLG jest jedn\u0105 z niewielu agencji na Costa del Sol, kt\u00f3ra oferuje praktycznie wszystko. Oznacza to, \u017ce SLG Property naprawd\u0119 stawia Twoje potrzeby na pierwszym miejscu.<\/p>\n<p>Dzi\u0119ki silnym relacjom z deweloperami i hiszpa\u0144skimi bankami, SLG Property jest jedn\u0105 z niewielu agencji nieruchomo\u015bci spoza Hiszpanii, kt\u00f3ra mo\u017ce zaoferowa\u0107 naprawd\u0119 interesuj\u0105ce nowe projekty budowlane.<br \/>\nW ostatnich latach SLG Property sprzeda\u0142a wi\u0119kszo\u015b\u0107 swoich nowo wybudowanych nieruchomo\u015bci klientom holenderskim i flamandzkim dla kilku wi\u0119kszych bank\u00f3w hiszpa\u0144skich.<\/p>\n<p>Apartamenty Alhaur\u00edn Vista Golf s\u0105 bardzo atrakcyjne zar\u00f3wno dla inwestor\u00f3w, jak i os\u00f3b prywatnych. Znajduj\u0105 si\u0119 bezpo\u015brednio przy polu golfowym Alhaur\u00edn, w niewielkiej odleg\u0142o\u015bci od lotniska i najpi\u0119kniejszych pla\u017c Costa del Sol. Ceny tych nowo wybudowanych apartament\u00f3w zosta\u0142y ustalone w porozumieniu z bankiem, co pozwala na szybk\u0105 sprzeda\u017c. Co wi\u0119cej, jest to nowa inwestycja, w kt\u00f3rej nie trzeba czeka\u0107 latami \u2013 mo\u017cna wprowadzi\u0107 si\u0119 od razu.<\/p>\n<p>SLG ma specjaln\u0105 stron\u0119 internetow\u0105 z <a href=\"https:\/\/www.nieuwbouwspanje.com\" target=\"_blank\" rel=\"noopener\">zakres nowych projekt\u00f3w budowlanych na Costa del Sol<\/a> . Zapraszamy do kontaktu w celu uzyskania dodatkowych informacji lub spotkania wprowadzaj\u0105cego.<\/p>\n\n\t\t<\/div>\n\t<\/div>\n\n\t\t<\/div>\n\t<\/div>\n\t<\/div>\n\n<\/div>\n<\/div>","protected":false},"excerpt":{"rendered":"<p>&#8230; <a class=\"more-link\" href=\"https:\/\/picassotowers-malaga.com\/pl\/o-nas\/\">Kontynuuj czytanie<\/a><\/p>","protected":false},"author":4,"featured_media":0,"parent":0,"menu_order":0,"comment_status":"closed","ping_status":"closed","template":"","meta":{"footnotes":""},"class_list":["post-2800","page","type-page","status-publish","hentry"],"yoast_head":"<!-- This site is optimized with the Yoast SEO plugin v27.2 - https:\/\/yoast.com\/product\/yoast-seo-wordpress\/ -->\n<title>Over ons - Picasso Towers<\/title>\n<meta name=\"robots\" content=\"index, follow, max-snippet:-1, max-image-preview:large, max-video-preview:-1\" \/>\n<link rel=\"canonical\" href=\"https:\/\/picassotowers-malaga.com\/pl\/uber-uns\/\" \/>\n<meta property=\"og:locale\" content=\"pl_PL\" \/>\n<meta property=\"og:type\" content=\"article\" \/>\n<meta property=\"og:title\" content=\"Over ons - Picasso Towers\" \/>\n<meta property=\"og:url\" content=\"https:\/\/picassotowers-malaga.com\/pl\/uber-uns\/\" \/>\n<meta property=\"og:site_name\" content=\"Picasso Towers\" \/>\n<meta property=\"article:modified_time\" content=\"2019-01-09T18:44:03+00:00\" \/>\n<meta name=\"twitter:card\" content=\"summary_large_image\" \/>\n<meta name=\"twitter:label1\" content=\"Szacowany czas czytania\" \/>\n\t<meta name=\"twitter:data1\" content=\"2 minuty\" \/>\n<script type=\"application\/ld+json\" class=\"yoast-schema-graph\">{\"@context\":\"https:\/\/schema.org\",\"@graph\":[{\"@type\":\"WebPage\",\"@id\":\"https:\/\/picassotowers-malaga.com\/de\/uber-uns\/\",\"url\":\"https:\/\/picassotowers-malaga.com\/de\/uber-uns\/\",\"name\":\"Over ons - Picasso Towers\",\"isPartOf\":{\"@id\":\"https:\/\/picassotowers-malaga.com\/#website\"},\"datePublished\":\"2018-06-20T12:56:43+00:00\",\"dateModified\":\"2019-01-09T18:44:03+00:00\",\"breadcrumb\":{\"@id\":\"https:\/\/picassotowers-malaga.com\/de\/uber-uns\/#breadcrumb\"},\"inLanguage\":\"pl-PL\",\"potentialAction\":[{\"@type\":\"ReadAction\",\"target\":[\"https:\/\/picassotowers-malaga.com\/de\/uber-uns\/\"]}]},{\"@type\":\"BreadcrumbList\",\"@id\":\"https:\/\/picassotowers-malaga.com\/de\/uber-uns\/#breadcrumb\",\"itemListElement\":[{\"@type\":\"ListItem\",\"position\":1,\"name\":\"Home\",\"item\":\"https:\/\/picassotowers-malaga.com\/\"},{\"@type\":\"ListItem\",\"position\":2,\"name\":\"Over ons\"}]},{\"@type\":\"WebSite\",\"@id\":\"https:\/\/picassotowers-malaga.com\/#website\",\"url\":\"https:\/\/picassotowers-malaga.com\/\",\"name\":\"Picasso Towers\",\"description\":\"Nieuwbouw appartementen - Costa del Sol - Malaga - Spanje\",\"potentialAction\":[{\"@type\":\"SearchAction\",\"target\":{\"@type\":\"EntryPoint\",\"urlTemplate\":\"https:\/\/picassotowers-malaga.com\/?s={search_term_string}\"},\"query-input\":{\"@type\":\"PropertyValueSpecification\",\"valueRequired\":true,\"valueName\":\"search_term_string\"}}],\"inLanguage\":\"pl-PL\"}]}<\/script>\n<!-- \/ Yoast SEO plugin. -->","yoast_head_json":{"title":"O nas - Wie\u017ce Picassa","robots":{"index":"index","follow":"follow","max-snippet":"max-snippet:-1","max-image-preview":"max-image-preview:large","max-video-preview":"max-video-preview:-1"},"canonical":"https:\/\/picassotowers-malaga.com\/pl\/uber-uns\/","og_locale":"pl_PL","og_type":"article","og_title":"Over ons - Picasso Towers","og_url":"https:\/\/picassotowers-malaga.com\/pl\/uber-uns\/","og_site_name":"Picasso Towers","article_modified_time":"2019-01-09T18:44:03+00:00","twitter_card":"summary_large_image","twitter_misc":{"Szacowany czas czytania":"2 minuty"},"schema":{"@context":"https:\/\/schema.org","@graph":[{"@type":"WebPage","@id":"https:\/\/picassotowers-malaga.com\/de\/uber-uns\/","url":"https:\/\/picassotowers-malaga.com\/de\/uber-uns\/","name":"O nas - Wie\u017ce Picassa","isPartOf":{"@id":"https:\/\/picassotowers-malaga.com\/#website"},"datePublished":"2018-06-20T12:56:43+00:00","dateModified":"2019-01-09T18:44:03+00:00","breadcrumb":{"@id":"https:\/\/picassotowers-malaga.com\/de\/uber-uns\/#breadcrumb"},"inLanguage":"pl-PL","potentialAction":[{"@type":"ReadAction","target":["https:\/\/picassotowers-malaga.com\/de\/uber-uns\/"]}]},{"@type":"BreadcrumbList","@id":"https:\/\/picassotowers-malaga.com\/de\/uber-uns\/#breadcrumb","itemListElement":[{"@type":"ListItem","position":1,"name":"Home","item":"https:\/\/picassotowers-malaga.com\/"},{"@type":"ListItem","position":2,"name":"Over ons"}]},{"@type":"WebSite","@id":"https:\/\/picassotowers-malaga.com\/#website","url":"https:\/\/picassotowers-malaga.com\/","name":"Wie\u017ce Picassa","description":"Nowe apartamenty - Costa del Sol - Malaga - Hiszpania","potentialAction":[{"@type":"SearchAction","target":{"@type":"EntryPoint","urlTemplate":"https:\/\/picassotowers-malaga.com\/?s={search_term_string}"},"query-input":{"@type":"PropertyValueSpecification","valueRequired":true,"valueName":"search_term_string"}}],"inLanguage":"pl-PL"}]}},"_links":{"self":[{"href":"https:\/\/picassotowers-malaga.com\/pl\/wp-json\/wp\/v2\/pages\/2800","targetHints":{"allow":["GET"]}}],"collection":[{"href":"https:\/\/picassotowers-malaga.com\/pl\/wp-json\/wp\/v2\/pages"}],"about":[{"href":"https:\/\/picassotowers-malaga.com\/pl\/wp-json\/wp\/v2\/types\/page"}],"author":[{"embeddable":true,"href":"https:\/\/picassotowers-malaga.com\/pl\/wp-json\/wp\/v2\/users\/4"}],"replies":[{"embeddable":true,"href":"https:\/\/picassotowers-malaga.com\/pl\/wp-json\/wp\/v2\/comments?post=2800"}],"version-history":[{"count":8,"href":"https:\/\/picassotowers-malaga.com\/pl\/wp-json\/wp\/v2\/pages\/2800\/revisions"}],"predecessor-version":[{"id":3002,"href":"https:\/\/picassotowers-malaga.com\/pl\/wp-json\/wp\/v2\/pages\/2800\/revisions\/3002"}],"wp:attachment":[{"href":"https:\/\/picassotowers-malaga.com\/pl\/wp-json\/wp\/v2\/media?parent=2800"}],"curies":[{"name":"wp","href":"https:\/\/api.w.org\/{rel}","templated":true}]}}