{"id":220,"date":"2018-06-20T09:04:53","date_gmt":"2018-06-20T09:04:53","guid":{"rendered":"http:\/\/www.alhaurinvistagolf.com\/?page_id=220"},"modified":"2021-01-11T14:40:44","modified_gmt":"2021-01-11T14:40:44","slug":"meer-info","status":"publish","type":"page","link":"https:\/\/picassotowers-malaga.com\/fr\/plus-dinfos\/","title":{"rendered":"Plus d&#039;information"},"content":{"rendered":"<div  class=\"content_row row vc_row wpb_row  default-style fullwidth\" >\n\t\n\t<div class=\"content_row_wrapper  fullwidth\" >\n\t<div id=\"asdasd\" class=\"vc_col-sm-12 wpb_column vc_column_container\" >\n\t<div class=\"vc_column-inner\">\n\t\t<div class=\"wpb_wrapper\" >\n\t\t\t\n<div id=\"rev_slider_7_1_wrapper\" class=\"rev_slider_wrapper fullwidthbanner-container\" data-source=\"gallery\" style=\"margin:0px auto;background:transparent;padding:0px;margin-top:0px;margin-bottom:0px;\">\n<!-- START REVOLUTION SLIDER 5.4.7.3 fullwidth mode -->\n\t<div id=\"rev_slider_7_1\" class=\"rev_slider fullwidthabanner\" style=\"display:none;\" data-version=\"5.4.7.3\">\n<ul>\t<!-- SLIDE  -->\n\t<li data-index=\"rs-9\" data-transition=\"fade\" data-slotamount=\"default\" data-hideafterloop=\"0\" data-hideslideonmobile=\"off\"  data-easein=\"default\" data-easeout=\"default\" data-masterspeed=\"300\"  data-rotate=\"0\"  data-saveperformance=\"off\"  data-ssop=\"true\"  data-title=\"Slide\" data-param1=\"\" data-param2=\"\" data-param3=\"\" data-param4=\"\" data-param5=\"\" data-param6=\"\" data-param7=\"\" data-param8=\"\" data-param9=\"\" data-param10=\"\" data-description=\"\">\n\t\t<!-- MAIN IMAGE -->\n\t\t<img decoding=\"async\" src=\"https:\/\/picassotowers-malaga.com\/wp-content\/plugins\/revslider\/admin\/assets\/images\/transparent.png\"  alt=\"\" title=\"Plus d&#039;information\"  data-bgposition=\"center center\" data-bgfit=\"cover\" data-bgrepeat=\"no-repeat\" class=\"rev-slidebg\" data-no-retina>\n\t\t<!-- LAYERS -->\n\n\t\t<!-- LAYER NR. 1 -->\n\t\t<div class=\"tp-caption   tp-resizeme\" \n\t\t\t id=\"slide-9-layer-15\" \n\t\t\t data-x=\"-18\" \n\t\t\t data-y=\"-260\" \n\t\t\t\t\t\tdata-width=\"['none','none','none','none']\"\n\t\t\tdata-height=\"['none','none','none','none']\"\n \n\t\t\tdata-type=\"image\" \n\t\t\tdata-responsive_offset=\"on\" \n\n\t\t\tdata-frames='[{\"delay\":0,\"speed\":300,\"frame\":\"0\",\"from\":\"opacity:0;\",\"to\":\"o:1;\",\"ease\":\"Power3.easeInOut\"},{\"delay\":\"wait\",\"speed\":300,\"frame\":\"999\",\"to\":\"opacity:0;\",\"ease\":\"Power3.easeInOut\"}]'\n\t\t\tdata-textalign=\"['inherit','inherit','inherit','inherit']\"\n\t\t\tdata-paddingtop=\"[0,0,0,0]\"\n\t\t\tdata-paddingright=\"[0,0,0,0]\"\n\t\t\tdata-paddingbottom=\"[0,0,0,0]\"\n\t\t\tdata-paddingleft=\"[0,0,0,0]\"\n\n\t\t\tstyle=\"z-index: 6;\"><img loading=\"lazy\" decoding=\"async\" src=\"https:\/\/picassotowers-malaga.com\/wp-content\/uploads\/2019\/08\/towers_kl.png\" alt=\"\" data-ww=\"1266px\" data-hh=\"855px\" width=\"992\" height=\"670\" data-no-retina> <\/div>\n\t<\/li>\n\t<!-- SLIDE  -->\n\t<li data-index=\"rs-10\" data-transition=\"fade\" data-slotamount=\"default\" data-hideafterloop=\"0\" data-hideslideonmobile=\"off\"  data-easein=\"default\" data-easeout=\"default\" data-masterspeed=\"2000\"  data-rotate=\"0\"  data-saveperformance=\"off\"  data-title=\"Slide\" data-param1=\"\" data-param2=\"\" data-param3=\"\" data-param4=\"\" data-param5=\"\" data-param6=\"\" data-param7=\"\" data-param8=\"\" data-param9=\"\" data-param10=\"\" data-description=\"\">\n\t\t<!-- MAIN IMAGE -->\n\t\t<img loading=\"lazy\" decoding=\"async\" src=\"https:\/\/picassotowers-malaga.com\/wp-content\/uploads\/2019\/08\/towers_kl.png\"  alt=\"\" title=\"towers_kl\"  width=\"992\" height=\"670\" data-bgposition=\"center center\" data-bgfit=\"cover\" data-bgrepeat=\"no-repeat\" class=\"rev-slidebg\" data-no-retina>\n\t\t<!-- LAYERS -->\n\t<\/li>\n<\/ul>\n<div class=\"tp-bannertimer tp-bottom\" style=\"visibility: hidden !important;\"><\/div>\t<\/div>\n<script>var htmlDiv = document.getElementById(\"rs-plugin-settings-inline-css\"); var htmlDivCss=\"\";\r\n\t\t\t\tif(htmlDiv) {\r\n\t\t\t\t\thtmlDiv.innerHTML = htmlDiv.innerHTML + htmlDivCss;\r\n\t\t\t\t}else{\r\n\t\t\t\t\tvar htmlDiv = document.createElement(\"div\");\r\n\t\t\t\t\thtmlDiv.innerHTML = \"<style>\" + htmlDivCss + \"<\/style>\";\r\n\t\t\t\t\tdocument.getElementsByTagName(\"head\")[0].appendChild(htmlDiv.childNodes[0]);\r\n\t\t\t\t}\r\n\t\t\t<\/script>\n\t\t<script type=\"text\/javascript\">\r\nif (setREVStartSize!==undefined) setREVStartSize(\r\n\t{c: '#rev_slider_7_1', gridwidth: [1240], gridheight: [464], sliderLayout: 'fullwidth'});\r\n\t\t\t\r\nvar revapi7,\r\n\ttpj;\t\r\n(function() {\t\t\t\r\n\tif (!\/loaded|interactive|complete\/.test(document.readyState)) document.addEventListener(\"DOMContentLoaded\",onLoad); else onLoad();\t\r\n\tfunction onLoad() {\t\t\t\t\r\n\t\tif (tpj===undefined) { tpj = jQuery; if(\"off\" == \"on\") tpj.noConflict();}\r\n\tif(tpj(\"#rev_slider_7_1\").revolution == undefined){\n\t\trevslider_showDoubleJqueryError(\"#rev_slider_7_1\");\n\t}else{\n\t\trevapi7 = tpj(\"#rev_slider_7_1\").show().revolution({\n\t\t\tsliderType:\"standard\",\n\t\t\tjsFileLocation:\"\/\/picassotowers-malaga.com\/wp-content\/plugins\/revslider\/public\/assets\/js\/\",\n\t\t\tsliderLayout:\"fullwidth\",\n\t\t\tdottedOverlay:\"none\",\n\t\t\tdelay:6000,\n\t\t\tnavigation: {\n\t\t\t\tonHoverStop:\"off\",\n\t\t\t},\n\t\t\tvisibilityLevels:[1240,1024,778,480],\n\t\t\tgridwidth:1240,\n\t\t\tgridheight:464,\n\t\t\tlazyType:\"none\",\n\t\t\tshadow:0,\n\t\t\tspinner:\"spinner0\",\n\t\t\tstopLoop:\"off\",\n\t\t\tstopAfterLoops:-1,\n\t\t\tstopAtSlide:-1,\n\t\t\tshuffle:\"off\",\n\t\t\tautoHeight:\"off\",\n\t\t\tdisableProgressBar:\"on\",\n\t\t\thideThumbsOnMobile:\"off\",\n\t\t\thideSliderAtLimit:0,\n\t\t\thideCaptionAtLimit:0,\n\t\t\thideAllCaptionAtLilmit:0,\n\t\t\tdebugMode:false,\n\t\t\tfallbacks: {\n\t\t\t\tsimplifyAll:\"off\",\n\t\t\t\tnextSlideOnWindowFocus:\"off\",\n\t\t\t\tdisableFocusListener:false,\n\t\t\t}\n\t\t});\n\t}; \/* END OF revapi call *\/\n\t\n }; \/* END OF ON LOAD FUNCTION *\/\r\n}()); \/* END OF WRAPPING FUNCTION *\/\r\n<\/script>\r\n\t\t<\/div><!-- END REVOLUTION SLIDER -->\n\t\t<\/div>\n\t<\/div>\n\t<\/div>\n\n<\/div>\n<\/div>\n\n<div  class=\"content_row row vc_row wpb_row  default-style fullwidth\" >\n\t\n\t<div class=\"content_row_wrapper  default\" >\n\t<div id=\"asdasd\" class=\"vc_col-sm-12 wpb_column vc_column_container\" >\n\t<div class=\"vc_column-inner\">\n\t\t<div class=\"wpb_wrapper\" >\n\t\t\t\n\t<div class=\"wpb_text_column wpb_content_element\" >\n\t\t<div class=\"wpb_wrapper\">\n\t\t\t<h3>Demander une brochure et une liste de prix<\/h3>\n<p>Le b\u00e2timent, con\u00e7u par le prestigieux cabinet d&#039;architectes Lamela, a des maisons de 132m \u00e0 404m2 construits avec de grandes terrasses avec vue sur la mer. Les espaces communs comprennent trois piscines, une piscine chauff\u00e9e et deux piscines ext\u00e9rieures, un spa, une salle de sport, un cin\u00e9ma et une salle de jeux.<\/p>\n<p><span style=\"font-weight: 400;\">Recevez la brochure et un aper\u00e7u des appartements disponibles avec les prix. Envisagez-vous de visiter la Costa del Sol dans les 3 mois? Les visites sont sur rendez-vous, nous vous recommandons donc de faire une r\u00e9servation. Remplissez le formulaire ci-dessous pour recevoir la brochure ou une r\u00e9servation.<\/span><\/p>\n\n\t\t<\/div>\n\t<\/div>\n\n\t\t<\/div>\n\t<\/div>\n\t<\/div>\n\n<\/div>\n<\/div>\n\n<div  class=\"content_row row vc_row wpb_row  default-style fullwidth\" >\n\t\n\t<div class=\"content_row_wrapper  fullwidth\" ><div id=\"asdasd\" class=\"vc_col-sm-8 wpb_column vc_column_container\" >\n\t<div class=\"vc_column-inner\">\n\t\t<div class=\"wpb_wrapper\" >\n\t\t\t\n\t<div class=\"wpb_raw_code wpb_content_element wpb_raw_html\" >\n\t\t<div class=\"wpb_wrapper\">\n\t\t\t<script src=\"https:\/\/www.google.com\/recaptcha\/api.js\" async defer><\/script>\n<div role=\"form\" class=\"wpcf7\" id=\"wpcf7-f230-p220-o1\" lang=\"nl-NL\" dir=\"ltr\">\n<div class=\"screen-reader-response\"><\/div>\n<form id=\"wp-cognito-more-info\" class=\"wpcf7-form\" novalidate=\"novalidate\" _lpchecked=\"1\" action=\"\">\n    <input type=\"hidden\" id=\"soort\" name=\"soort\" value=\"more-info\">\n    <input type=\"hidden\" id=\"costa\" name=\"costa\" value=\"Costa del Sol\">\n    <input type=\"hidden\" id=\"province\" name=\"province\" value=\"M\u00e1laga\">\n    <div style=\"display: none;\">\n    <\/div>\n    <div id=\"contactanchor\"><\/div>\n    <table class=\"form-table\">\n    <tbody><tr>\n    <td>\n        <label>Nom (*):<\/label>\n        <span class=\"wpcf7-form-control-wrap Naam\">\n            <input type=\"text\" name=\"name\" id=\"name\" value=\"\" size=\"30\" class=\"wpcf7-form-control wpcf7-text wpcf7-validates-as-required\" aria-required=\"true\" aria-invalid=\"false\" style=\"background-image: url(&quot;data:image\/png;base64,iVBORw0KGgoAAAANSUhEUgAAABAAAAAQCAYAAAAf8\/9hAAABHklEQVQ4EaVTO26DQBD1ohQWaS2lg9JybZ+AK7hNwx2oIoVf4UPQ0Lj1FdKktevIpel8AKNUkDcWMxpgSaIEaTVv3sx7uztiTdu2s\/98DywOw3Dued4Who\/M2aIx5lZV1aEsy0+qiwHELyi+Ytl0PQ69SxAxkWIA4RMRTdNsKE59juMcuZd6xIAFeZ6fGCdJ8kY4y7KAuTRNGd7jyEBXsdOPE3a0QGPsniOnnYMO67LgSQN9T41F2QGrQRRFCwyzoIF2qyBuKKbcOgPXdVeY9rMWgNsjf9ccYesJhk3f5dYT1HX9gR0LLQR30TnjkUEcx2uIuS4RnI+aj6sJR0AM8AaumPaM\/rRehyWhXqbFAA9kh3\/8\/NvHxAYGAsZ\/il8IalkCLBfNVAAAAABJRU5ErkJggg==&quot;); background-repeat: no-repeat; background-attachment: scroll; background-size: 16px 18px; background-position: 98% 50%; cursor: auto;\">\n            <font color=\"red\"><label type=\"hidden\" id=\"name-label\" for=\"name\"><\/label><\/font>\n        <\/span> \n    <\/td>\n    <td>\n        <label>Email (*):<\/label>\n        <span class=\"wpcf7-form-control-wrap email\">\n            <input type=\"email\" name=\"email\" id=\"email\"  value=\"\" size=\"30\" class=\"wpcf7-form-control wpcf7-text wpcf7-email wpcf7-validates-as-required wpcf7-validates-as-email\" aria-required=\"true\" aria-invalid=\"false\">\n            <font color=\"red\"><label type=\"hidden\" id=\"email-label\" for=\"email\"><\/label><\/font>\n        <\/span> \n    <\/td>\n    <td>\n        <label>Adresse:<\/label>\n        <span class=\"wpcf7-form-control-wrap adres\">\n            <input type=\"text\" name=\"address\" id=\"address\" value=\"\" size=\"30\" class=\"wpcf7-form-control wpcf7-text wpcf7-validates-as-required\" aria-required=\"true\" aria-invalid=\"false\">\n            <font color=\"red\"><label type=\"hidden\" id=\"address-label\" for=\"address\"><\/label><\/font>\n        <\/span> \n    <\/td>\n    <\/tr>\n    <tr>\n    <td>\n        <label>Ville:<\/label>\n        <span class=\"wpcf7-form-control-wrap stad\">\n            <input type=\"text\" name=\"city\" id=\"city\" value=\"\" size=\"30\" class=\"wpcf7-form-control wpcf7-text wpcf7-validates-as-required\" aria-required=\"true\" aria-invalid=\"false\">\n            <font color=\"red\"><label type=\"hidden\" id=\"city-label\" for=\"city\"><\/label><\/font>\n        <\/span> \n    <\/td>\n    <td>\n        <label>Pays:<\/label>\n        <span class=\"wpcf7-form-control-wrap land\">\n            <input type=\"text\" name=\"country\" id=\"country\" value=\"\" size=\"30\" class=\"wpcf7-form-control wpcf7-text wpcf7-validates-as-required\" aria-required=\"true\" aria-invalid=\"false\">\n            <font color=\"red\"><label type=\"hidden\" id=\"text-label\" for=\"text\"><\/label><\/font>\n        <\/span> \n    <\/td>\n    <td>\n        <label>Num\u00e9ro de t\u00e9l\u00e9phone (*):<\/label>\n        <span class=\"wpcf7-form-control-wrap telefoon\">\n            <input type=\"text\" name=\"phone\" id=\"phone\" value=\"\" size=\"30\" class=\"wpcf7-form-control wpcf7-text wpcf7-validates-as-required\" aria-required=\"true\" aria-invalid=\"false\">\n            <font color=\"red\"><label type=\"hidden\" id=\"phone-label\" for=\"phone\"><\/label><\/font>\n        <\/span> \n    <\/td>\n    <\/tr>\n    <tr>\n    <td colspan=\"3\">\n        <span class=\"wpcf7-form-control-wrap notes\">\n            <font color=\"red\"><label type=\"hidden\" id=\"comments-label\" for=\"comments\"><\/label><\/font>\n            <textarea name=\"comments\" id=\"comments\" cols=\"38\" rows=\"10\" class=\"wpcf7-form-control wpcf7-textarea note-field\" aria-invalid=\"false\" placeholder=\"commentaires\"><\/textarea>\n        <\/span><\/td>\n    <\/tr>\n    <tr>\n    <td colspan=\"3\">\n        <p>\n            <font color=\"red\"><label type=\"hidden\" id=\"privacy-label\" for=\"privacy\"><\/label><\/font><br>\n            <input type=\"checkbox\" name=\"privacy\" id=\"privacy\">\n            <label>Je suis d&#039;accord avec le <a href=\"https:\/\/picassotowers-malaga.com\/fr\/politique-de-confidentialite\/\">politique de confidentialit\u00e9<\/a><\/label>\n        <\/p>\n        <input \n            type=\"button\" \n            value=\"Envoyez\" \n            class=\"wpcf7-form-control wpcf7-submit\"\n            onclick=\"sendForm('wp-cognito-more-info', 'check-detail-form');\"\n        ><span class=\"ajax-loader\"><\/span>\n        <font color=\"red\"><label type=\"hidden\" id=\"captcha-label\"><\/label><\/font>\n    <\/tr>\n    <\/tbody><\/table>\n    <div class=\"wpcf7-response-output wpcf7-display-none\"><\/div>\n    <div\n        id='recaptcha' \n        class=\"g-recaptcha\"\n        data-sitekey=\"6LemvLAUAAAAAMaS2xpRIAyM8AybY9jsFGAq-eJ9\"\n        data-callback=\"sendForm2\"\n        data-size=\"invisible\">\n    <\/div>\n<input type=\"hidden\" name=\"trp-form-language\" value=\"fr\"\/><\/form>\n<\/div>\n<style>\n    table.form-table td {\n        vertical-align: top!important;\n    }\n\n    span.customselect.country-drop-down {\n        width: 100%;\n        background-color: rgba(0,0,0,.02);\n    }\n<\/style>\n\n\t\t<\/div>\n\t<\/div>\n\n\t\t<\/div>\n\t<\/div>\n\t<\/div>\n\n\t<div id=\"asdasd\" class=\"vc_col-sm-4 wpb_column vc_column_container\" >\n\t<div class=\"vc_column-inner\">\n\t\t<div class=\"wpb_wrapper\" >\n\t\t\t<section id=\"testimonial-521571\" class=\"testimonials clearfix  center\" data-column-width=\"1\"><\/section>\n\t\t<\/div>\n\t<\/div>\n\t<\/div>\n<\/div>\n<\/div>","protected":false},"excerpt":{"rendered":"<p>&#8230; <a class=\"more-link\" href=\"https:\/\/picassotowers-malaga.com\/fr\/plus-dinfos\/\">continuer la lecture<\/a><\/p>","protected":false},"author":4,"featured_media":0,"parent":0,"menu_order":0,"comment_status":"closed","ping_status":"closed","template":"","meta":{"footnotes":""},"class_list":["post-220","page","type-page","status-publish","hentry"],"yoast_head":"<!-- This site is optimized with the Yoast SEO plugin v27.2 - https:\/\/yoast.com\/product\/yoast-seo-wordpress\/ -->\n<title>Meer informatie aanvragen | Picasso Towers M\u00e1laga Stad<\/title>\n<meta name=\"description\" content=\"Meer informatie over Picasso Towers? Vraag dan nu onze brochure en prijslijst aan. Vul hiervoor onderstaand formulier in.\" \/>\n<meta name=\"robots\" content=\"index, follow, max-snippet:-1, max-image-preview:large, max-video-preview:-1\" \/>\n<link rel=\"canonical\" href=\"https:\/\/picassotowers-malaga.com\/fr\/mas-informacion\/\" \/>\n<meta property=\"og:locale\" content=\"fr_FR\" \/>\n<meta property=\"og:type\" content=\"article\" \/>\n<meta property=\"og:title\" content=\"Meer informatie aanvragen | Picasso Towers M\u00e1laga Stad\" \/>\n<meta property=\"og:description\" content=\"Meer informatie over Picasso Towers? Vraag dan nu onze brochure en prijslijst aan. Vul hiervoor onderstaand formulier in.\" \/>\n<meta property=\"og:url\" content=\"https:\/\/picassotowers-malaga.com\/fr\/mas-informacion\/\" \/>\n<meta property=\"og:site_name\" content=\"Picasso Towers\" \/>\n<meta property=\"article:modified_time\" content=\"2021-01-11T14:40:44+00:00\" \/>\n<meta name=\"twitter:card\" content=\"summary_large_image\" \/>\n<meta name=\"twitter:label1\" content=\"Dur\u00e9e de lecture estim\u00e9e\" \/>\n\t<meta name=\"twitter:data1\" content=\"3 minutes\" \/>\n<script type=\"application\/ld+json\" class=\"yoast-schema-graph\">{\"@context\":\"https:\/\/schema.org\",\"@graph\":[{\"@type\":\"WebPage\",\"@id\":\"https:\/\/picassotowers-malaga.com\/es\/mas-informacion\/\",\"url\":\"https:\/\/picassotowers-malaga.com\/es\/mas-informacion\/\",\"name\":\"Meer informatie aanvragen | Picasso Towers M\u00e1laga Stad\",\"isPartOf\":{\"@id\":\"https:\/\/picassotowers-malaga.com\/#website\"},\"datePublished\":\"2018-06-20T09:04:53+00:00\",\"dateModified\":\"2021-01-11T14:40:44+00:00\",\"description\":\"Meer informatie over Picasso Towers? Vraag dan nu onze brochure en prijslijst aan. Vul hiervoor onderstaand formulier in.\",\"breadcrumb\":{\"@id\":\"https:\/\/picassotowers-malaga.com\/es\/mas-informacion\/#breadcrumb\"},\"inLanguage\":\"fr-FR\",\"potentialAction\":[{\"@type\":\"ReadAction\",\"target\":[\"https:\/\/picassotowers-malaga.com\/es\/mas-informacion\/\"]}]},{\"@type\":\"BreadcrumbList\",\"@id\":\"https:\/\/picassotowers-malaga.com\/es\/mas-informacion\/#breadcrumb\",\"itemListElement\":[{\"@type\":\"ListItem\",\"position\":1,\"name\":\"Home\",\"item\":\"https:\/\/picassotowers-malaga.com\/\"},{\"@type\":\"ListItem\",\"position\":2,\"name\":\"Meer informatie\"}]},{\"@type\":\"WebSite\",\"@id\":\"https:\/\/picassotowers-malaga.com\/#website\",\"url\":\"https:\/\/picassotowers-malaga.com\/\",\"name\":\"Picasso Towers\",\"description\":\"Nieuwbouw appartementen - Costa del Sol - Malaga - Spanje\",\"potentialAction\":[{\"@type\":\"SearchAction\",\"target\":{\"@type\":\"EntryPoint\",\"urlTemplate\":\"https:\/\/picassotowers-malaga.com\/?s={search_term_string}\"},\"query-input\":{\"@type\":\"PropertyValueSpecification\",\"valueRequired\":true,\"valueName\":\"search_term_string\"}}],\"inLanguage\":\"fr-FR\"}]}<\/script>\n<!-- \/ Yoast SEO plugin. -->","yoast_head_json":{"title":"Demander plus d&#039;informations | Tours Picasso Ville de Malaga","description":"Plus d&#039;informations sur les tours Picasso? Demandez notre brochure et notre liste de prix maintenant. Remplissez le formulaire ci-dessous.","robots":{"index":"index","follow":"follow","max-snippet":"max-snippet:-1","max-image-preview":"max-image-preview:large","max-video-preview":"max-video-preview:-1"},"canonical":"https:\/\/picassotowers-malaga.com\/fr\/mas-informacion\/","og_locale":"fr_FR","og_type":"article","og_title":"Meer informatie aanvragen | Picasso Towers M\u00e1laga Stad","og_description":"Meer informatie over Picasso Towers? Vraag dan nu onze brochure en prijslijst aan. Vul hiervoor onderstaand formulier in.","og_url":"https:\/\/picassotowers-malaga.com\/fr\/mas-informacion\/","og_site_name":"Picasso Towers","article_modified_time":"2021-01-11T14:40:44+00:00","twitter_card":"summary_large_image","twitter_misc":{"Dur\u00e9e de lecture estim\u00e9e":"3 minutes"},"schema":{"@context":"https:\/\/schema.org","@graph":[{"@type":"WebPage","@id":"https:\/\/picassotowers-malaga.com\/es\/mas-informacion\/","url":"https:\/\/picassotowers-malaga.com\/es\/mas-informacion\/","name":"Demander plus d&#039;informations | Tours Picasso Ville de Malaga","isPartOf":{"@id":"https:\/\/picassotowers-malaga.com\/#website"},"datePublished":"2018-06-20T09:04:53+00:00","dateModified":"2021-01-11T14:40:44+00:00","description":"Plus d&#039;informations sur les tours Picasso? Demandez notre brochure et notre liste de prix maintenant. Remplissez le formulaire ci-dessous.","breadcrumb":{"@id":"https:\/\/picassotowers-malaga.com\/es\/mas-informacion\/#breadcrumb"},"inLanguage":"fr-FR","potentialAction":[{"@type":"ReadAction","target":["https:\/\/picassotowers-malaga.com\/es\/mas-informacion\/"]}]},{"@type":"BreadcrumbList","@id":"https:\/\/picassotowers-malaga.com\/es\/mas-informacion\/#breadcrumb","itemListElement":[{"@type":"ListItem","position":1,"name":"Home","item":"https:\/\/picassotowers-malaga.com\/"},{"@type":"ListItem","position":2,"name":"Meer informatie"}]},{"@type":"WebSite","@id":"https:\/\/picassotowers-malaga.com\/#website","url":"https:\/\/picassotowers-malaga.com\/","name":"Tours Picasso","description":"Appartements de nouvelle construction - Costa del Sol - Malaga - Espagne","potentialAction":[{"@type":"SearchAction","target":{"@type":"EntryPoint","urlTemplate":"https:\/\/picassotowers-malaga.com\/?s={search_term_string}"},"query-input":{"@type":"PropertyValueSpecification","valueRequired":true,"valueName":"search_term_string"}}],"inLanguage":"fr-FR"}]}},"_links":{"self":[{"href":"https:\/\/picassotowers-malaga.com\/fr\/wp-json\/wp\/v2\/pages\/220","targetHints":{"allow":["GET"]}}],"collection":[{"href":"https:\/\/picassotowers-malaga.com\/fr\/wp-json\/wp\/v2\/pages"}],"about":[{"href":"https:\/\/picassotowers-malaga.com\/fr\/wp-json\/wp\/v2\/types\/page"}],"author":[{"embeddable":true,"href":"https:\/\/picassotowers-malaga.com\/fr\/wp-json\/wp\/v2\/users\/4"}],"replies":[{"embeddable":true,"href":"https:\/\/picassotowers-malaga.com\/fr\/wp-json\/wp\/v2\/comments?post=220"}],"version-history":[{"count":32,"href":"https:\/\/picassotowers-malaga.com\/fr\/wp-json\/wp\/v2\/pages\/220\/revisions"}],"predecessor-version":[{"id":3195,"href":"https:\/\/picassotowers-malaga.com\/fr\/wp-json\/wp\/v2\/pages\/220\/revisions\/3195"}],"wp:attachment":[{"href":"https:\/\/picassotowers-malaga.com\/fr\/wp-json\/wp\/v2\/media?parent=220"}],"curies":[{"name":"wp","href":"https:\/\/api.w.org\/{rel}","templated":true}]}}