{"id":28,"date":"2018-06-18T12:33:16","date_gmt":"2018-06-18T12:33:16","guid":{"rendered":"http:\/\/www.alhaurinvistagolf.com\/?page_id=28"},"modified":"2022-12-20T15:37:37","modified_gmt":"2022-12-20T15:37:37","slug":"fotos","status":"publish","type":"page","link":"https:\/\/picassotowers-malaga.com\/es\/fotos\/","title":{"rendered":"Fotos"},"content":{"rendered":"<div  class=\"content_row row vc_row wpb_row  default-style fullwidth\" >\n\t\n\t<div class=\"content_row_wrapper  fullwidth\" >\n\t<div id=\"asdasd\" class=\"vc_col-sm-12 wpb_column vc_column_container\" >\n\t<div class=\"vc_column-inner\">\n\t\t<div class=\"wpb_wrapper\" >\n\t\t\t\r\n\t\t\t<div class=\"rt-gallery clearfix  grid-gallery fixed_heights nogaps\" id=\"  \"><div class=\"row clearfix\">\n\r\n\t\t\t\t\t<div class=\"col col-sm-4 col-xs-12\">\r\n\t\t\t\t\t\t<div class=\"gallery-item-holder has-overlay\">\r\n\t\t\t\t\t\t\t<a id=\"lightbox-248276\" class=\"imgeffect zoom rt_lightbox\" data-gal-id=\"\" data-rel=\"rt_lightbox\" title=\"Agrandar imagen\" data-title=\"towers_front\" data-sub-html=\"\" data-src=\"\" data-width=\"\" data-height=\"\" data-poster=\"\" data-autoplay=\"\" data-audiotitle=\"\" data-download-url=\"false\" href=\"https:\/\/picassotowers-malaga.com\/wp-content\/uploads\/2019\/08\/towers_front.png\">\r\n\t\t\t\t\t\t\t\t\t\t\t\t\t\t\t<div class=\"image-thumbnail\">\r\n\t\t\t\t\t\t\t\t\t\t\t\t\t\t\t\t<img decoding=\"async\" src=\"https:\/\/picassotowers-malaga.com\/wp-content\/uploads\/2019\/08\/towers_front-480x320.png\" alt=\"\">\r\n\t\t\t\t\t\t\t\t\t\t\t\t\t\t\t<\/div>\r\n\r\n\t\t\t\t\t\t\t\t\t\t\t\t\t\t\t<div class=\"overlay-text\">\r\n\t\t\t\t\t\t\t\t\t\t\t\t\t\t\t\t<span>torres_frente<\/span>\r\n\t\t\t\t\t\t\t\t\t\t\t\t\t\t\t\t\r\n\t\t\t\t\t\t\t\t\t\t\t\t\t\t\t<\/div>\r\n\t\t\t\t\t\t\t\t\t\t\t\t\t\t\t<\/a>\r\n\t\t\t\t\t\t<\/div>\r\n\t\t\t\t\t<\/div>\r\n\t\t\t\t\t<div class=\"col col-sm-4 col-xs-12\">\r\n\t\t\t\t\t\t<div class=\"gallery-item-holder has-overlay\">\r\n\t\t\t\t\t\t\t<a id=\"lightbox-233090\" class=\"imgeffect zoom rt_lightbox\" data-gal-id=\"\" data-rel=\"rt_lightbox\" title=\"Agrandar imagen\" data-title=\"towers_kl\" data-sub-html=\"\" data-src=\"\" data-width=\"\" data-height=\"\" data-poster=\"\" data-autoplay=\"\" data-audiotitle=\"\" data-download-url=\"false\" href=\"https:\/\/picassotowers-malaga.com\/wp-content\/uploads\/2019\/08\/towers_kl.png\">\r\n\t\t\t\t\t\t\t\t\t\t\t\t\t\t\t<div class=\"image-thumbnail\">\r\n\t\t\t\t\t\t\t\t\t\t\t\t\t\t\t\t<img decoding=\"async\" src=\"https:\/\/picassotowers-malaga.com\/wp-content\/uploads\/2019\/08\/towers_kl-480x320.png\" alt=\"\">\r\n\t\t\t\t\t\t\t\t\t\t\t\t\t\t\t<\/div>\r\n\r\n\t\t\t\t\t\t\t\t\t\t\t\t\t\t\t<div class=\"overlay-text\">\r\n\t\t\t\t\t\t\t\t\t\t\t\t\t\t\t\t<span>torres_kl<\/span>\r\n\t\t\t\t\t\t\t\t\t\t\t\t\t\t\t\t\r\n\t\t\t\t\t\t\t\t\t\t\t\t\t\t\t<\/div>\r\n\t\t\t\t\t\t\t\t\t\t\t\t\t\t\t<\/a>\r\n\t\t\t\t\t\t<\/div>\r\n\t\t\t\t\t<\/div>\r\n\t\t\t\t\t<div class=\"col col-sm-4 col-xs-12\">\r\n\t\t\t\t\t\t<div class=\"gallery-item-holder has-overlay\">\r\n\t\t\t\t\t\t\t<a id=\"lightbox-646208\" class=\"imgeffect zoom rt_lightbox\" data-gal-id=\"\" data-rel=\"rt_lightbox\" title=\"Agrandar imagen\" data-title=\"tower_zee\" data-sub-html=\"\" data-src=\"\" data-width=\"\" data-height=\"\" data-poster=\"\" data-autoplay=\"\" data-audiotitle=\"\" data-download-url=\"false\" href=\"https:\/\/picassotowers-malaga.com\/wp-content\/uploads\/2019\/08\/tower_zee-1.png\">\r\n\t\t\t\t\t\t\t\t\t\t\t\t\t\t\t<div class=\"image-thumbnail\">\r\n\t\t\t\t\t\t\t\t\t\t\t\t\t\t\t\t<img decoding=\"async\" src=\"https:\/\/picassotowers-malaga.com\/wp-content\/uploads\/2019\/08\/tower_zee-1-480x320.png\" alt=\"\">\r\n\t\t\t\t\t\t\t\t\t\t\t\t\t\t\t<\/div>\r\n\r\n\t\t\t\t\t\t\t\t\t\t\t\t\t\t\t<div class=\"overlay-text\">\r\n\t\t\t\t\t\t\t\t\t\t\t\t\t\t\t\t<span>torre_zee<\/span>\r\n\t\t\t\t\t\t\t\t\t\t\t\t\t\t\t\t\r\n\t\t\t\t\t\t\t\t\t\t\t\t\t\t\t<\/div>\r\n\t\t\t\t\t\t\t\t\t\t\t\t\t\t\t<\/a>\r\n\t\t\t\t\t\t<\/div>\r\n\t\t\t\t\t<\/div><\/div>\n<div class=\"row clearfix\">\n\r\n\t\t\t\t\t<div class=\"col col-sm-4 col-xs-12\">\r\n\t\t\t\t\t\t<div class=\"gallery-item-holder has-overlay\">\r\n\t\t\t\t\t\t\t<a id=\"lightbox-560962\" class=\"imgeffect zoom rt_lightbox\" data-gal-id=\"\" data-rel=\"rt_lightbox\" title=\"Agrandar imagen\" data-title=\"view_kl\" data-sub-html=\"\" data-src=\"\" data-width=\"\" data-height=\"\" data-poster=\"\" data-autoplay=\"\" data-audiotitle=\"\" data-download-url=\"false\" href=\"https:\/\/picassotowers-malaga.com\/wp-content\/uploads\/2019\/08\/view_kl.png\">\r\n\t\t\t\t\t\t\t\t\t\t\t\t\t\t\t<div class=\"image-thumbnail\">\r\n\t\t\t\t\t\t\t\t\t\t\t\t\t\t\t\t<img decoding=\"async\" src=\"https:\/\/picassotowers-malaga.com\/wp-content\/uploads\/2019\/08\/view_kl-480x320.png\" alt=\"\">\r\n\t\t\t\t\t\t\t\t\t\t\t\t\t\t\t<\/div>\r\n\r\n\t\t\t\t\t\t\t\t\t\t\t\t\t\t\t<div class=\"overlay-text\">\r\n\t\t\t\t\t\t\t\t\t\t\t\t\t\t\t\t<span>view_kl<\/span>\r\n\t\t\t\t\t\t\t\t\t\t\t\t\t\t\t\t\r\n\t\t\t\t\t\t\t\t\t\t\t\t\t\t\t<\/div>\r\n\t\t\t\t\t\t\t\t\t\t\t\t\t\t\t<\/a>\r\n\t\t\t\t\t\t<\/div>\r\n\t\t\t\t\t<\/div>\r\n\t\t\t\t\t<div class=\"col col-sm-4 col-xs-12\">\r\n\t\t\t\t\t\t<div class=\"gallery-item-holder has-overlay\">\r\n\t\t\t\t\t\t\t<a id=\"lightbox-137593\" class=\"imgeffect zoom rt_lightbox\" data-gal-id=\"\" data-rel=\"rt_lightbox\" title=\"Agrandar imagen\" data-title=\"tower_by_night_kl\" data-sub-html=\"\" data-src=\"\" data-width=\"\" data-height=\"\" data-poster=\"\" data-autoplay=\"\" data-audiotitle=\"\" data-download-url=\"false\" href=\"https:\/\/picassotowers-malaga.com\/wp-content\/uploads\/2019\/08\/tower_by_night_kl.png\">\r\n\t\t\t\t\t\t\t\t\t\t\t\t\t\t\t<div class=\"image-thumbnail\">\r\n\t\t\t\t\t\t\t\t\t\t\t\t\t\t\t\t<img decoding=\"async\" src=\"https:\/\/picassotowers-malaga.com\/wp-content\/uploads\/2019\/08\/tower_by_night_kl-480x320.png\" alt=\"\">\r\n\t\t\t\t\t\t\t\t\t\t\t\t\t\t\t<\/div>\r\n\r\n\t\t\t\t\t\t\t\t\t\t\t\t\t\t\t<div class=\"overlay-text\">\r\n\t\t\t\t\t\t\t\t\t\t\t\t\t\t\t\t<span>tower_by_night_kl<\/span>\r\n\t\t\t\t\t\t\t\t\t\t\t\t\t\t\t\t\r\n\t\t\t\t\t\t\t\t\t\t\t\t\t\t\t<\/div>\r\n\t\t\t\t\t\t\t\t\t\t\t\t\t\t\t<\/a>\r\n\t\t\t\t\t\t<\/div>\r\n\t\t\t\t\t<\/div>\r\n\t\t\t\t\t<div class=\"col col-sm-4 col-xs-12\">\r\n\t\t\t\t\t\t<div class=\"gallery-item-holder has-overlay\">\r\n\t\t\t\t\t\t\t<a id=\"lightbox-648138\" class=\"imgeffect zoom rt_lightbox\" data-gal-id=\"\" data-rel=\"rt_lightbox\" title=\"Agrandar imagen\" data-title=\"zwembad\" data-sub-html=\"\" data-src=\"\" data-width=\"\" data-height=\"\" data-poster=\"\" data-autoplay=\"\" data-audiotitle=\"\" data-download-url=\"false\" href=\"https:\/\/picassotowers-malaga.com\/wp-content\/uploads\/2019\/08\/zwembad.png\">\r\n\t\t\t\t\t\t\t\t\t\t\t\t\t\t\t<div class=\"image-thumbnail\">\r\n\t\t\t\t\t\t\t\t\t\t\t\t\t\t\t\t<img decoding=\"async\" src=\"https:\/\/picassotowers-malaga.com\/wp-content\/uploads\/2019\/08\/zwembad-480x320.png\" alt=\"\">\r\n\t\t\t\t\t\t\t\t\t\t\t\t\t\t\t<\/div>\r\n\r\n\t\t\t\t\t\t\t\t\t\t\t\t\t\t\t<div class=\"overlay-text\">\r\n\t\t\t\t\t\t\t\t\t\t\t\t\t\t\t\t<span>piscina<\/span>\r\n\t\t\t\t\t\t\t\t\t\t\t\t\t\t\t\t\r\n\t\t\t\t\t\t\t\t\t\t\t\t\t\t\t<\/div>\r\n\t\t\t\t\t\t\t\t\t\t\t\t\t\t\t<\/a>\r\n\t\t\t\t\t\t<\/div>\r\n\t\t\t\t\t<\/div><\/div>\n<div class=\"row clearfix\">\n\r\n\t\t\t\t\t<div class=\"col col-sm-4 col-xs-12\">\r\n\t\t\t\t\t\t<div class=\"gallery-item-holder has-overlay\">\r\n\t\t\t\t\t\t\t<a id=\"lightbox-343546\" class=\"imgeffect zoom rt_lightbox\" data-gal-id=\"\" data-rel=\"rt_lightbox\" title=\"Agrandar imagen\" data-title=\"interieur_2\" data-sub-html=\"\" data-src=\"\" data-width=\"\" data-height=\"\" data-poster=\"\" data-autoplay=\"\" data-audiotitle=\"\" data-download-url=\"false\" href=\"https:\/\/picassotowers-malaga.com\/wp-content\/uploads\/2019\/08\/interieur_2.jpg\">\r\n\t\t\t\t\t\t\t\t\t\t\t\t\t\t\t<div class=\"image-thumbnail\">\r\n\t\t\t\t\t\t\t\t\t\t\t\t\t\t\t\t<img decoding=\"async\" src=\"https:\/\/picassotowers-malaga.com\/wp-content\/uploads\/2019\/08\/interieur_2-480x320.jpg\" alt=\"\">\r\n\t\t\t\t\t\t\t\t\t\t\t\t\t\t\t<\/div>\r\n\r\n\t\t\t\t\t\t\t\t\t\t\t\t\t\t\t<div class=\"overlay-text\">\r\n\t\t\t\t\t\t\t\t\t\t\t\t\t\t\t\t<span>interior_2<\/span>\r\n\t\t\t\t\t\t\t\t\t\t\t\t\t\t\t\t\r\n\t\t\t\t\t\t\t\t\t\t\t\t\t\t\t<\/div>\r\n\t\t\t\t\t\t\t\t\t\t\t\t\t\t\t<\/a>\r\n\t\t\t\t\t\t<\/div>\r\n\t\t\t\t\t<\/div>\r\n\t\t\t\t\t<div class=\"col col-sm-4 col-xs-12\">\r\n\t\t\t\t\t\t<div class=\"gallery-item-holder has-overlay\">\r\n\t\t\t\t\t\t\t<a id=\"lightbox-130435\" class=\"imgeffect zoom rt_lightbox\" data-gal-id=\"\" data-rel=\"rt_lightbox\" title=\"Agrandar imagen\" data-title=\"interieur\" data-sub-html=\"\" data-src=\"\" data-width=\"\" data-height=\"\" data-poster=\"\" data-autoplay=\"\" data-audiotitle=\"\" data-download-url=\"false\" href=\"https:\/\/picassotowers-malaga.com\/wp-content\/uploads\/2019\/08\/interieur.png\">\r\n\t\t\t\t\t\t\t\t\t\t\t\t\t\t\t<div class=\"image-thumbnail\">\r\n\t\t\t\t\t\t\t\t\t\t\t\t\t\t\t\t<img decoding=\"async\" src=\"https:\/\/picassotowers-malaga.com\/wp-content\/uploads\/2019\/08\/interieur-480x320.png\" alt=\"piscina en la azotea torres picasso malaga\">\r\n\t\t\t\t\t\t\t\t\t\t\t\t\t\t\t<\/div>\r\n\r\n\t\t\t\t\t\t\t\t\t\t\t\t\t\t\t<div class=\"overlay-text\">\r\n\t\t\t\t\t\t\t\t\t\t\t\t\t\t\t\t<span>interior<\/span>\r\n\t\t\t\t\t\t\t\t\t\t\t\t\t\t\t\t\r\n\t\t\t\t\t\t\t\t\t\t\t\t\t\t\t<\/div>\r\n\t\t\t\t\t\t\t\t\t\t\t\t\t\t\t<\/a>\r\n\t\t\t\t\t\t<\/div>\r\n\t\t\t\t\t<\/div>\r\n\t\t\t\t\t<div class=\"col col-sm-4 col-xs-12\">\r\n\t\t\t\t\t\t<div class=\"gallery-item-holder has-overlay\">\r\n\t\t\t\t\t\t\t<a id=\"lightbox-375042\" class=\"imgeffect zoom rt_lightbox\" data-gal-id=\"\" data-rel=\"rt_lightbox\" title=\"Agrandar imagen\" data-title=\"picasso-Towers-Malaga-roof-pool\" data-sub-html=\"\" data-src=\"\" data-width=\"\" data-height=\"\" data-poster=\"\" data-autoplay=\"\" data-audiotitle=\"\" data-download-url=\"false\" href=\"https:\/\/picassotowers-malaga.com\/wp-content\/uploads\/2022\/12\/picasso-Towers-Malaga-roof-pool.jpg\">\r\n\t\t\t\t\t\t\t\t\t\t\t\t\t\t\t<div class=\"image-thumbnail\">\r\n\t\t\t\t\t\t\t\t\t\t\t\t\t\t\t\t<img decoding=\"async\" src=\"https:\/\/picassotowers-malaga.com\/wp-content\/uploads\/2022\/12\/picasso-Towers-Malaga-roof-pool-480x320.jpg\" alt=\"\">\r\n\t\t\t\t\t\t\t\t\t\t\t\t\t\t\t<\/div>\r\n\r\n\t\t\t\t\t\t\t\t\t\t\t\t\t\t\t<div class=\"overlay-text\">\r\n\t\t\t\t\t\t\t\t\t\t\t\t\t\t\t\t<span>picasso-Towers-Malaga-azotea-piscina<\/span>\r\n\t\t\t\t\t\t\t\t\t\t\t\t\t\t\t\t\r\n\t\t\t\t\t\t\t\t\t\t\t\t\t\t\t<\/div>\r\n\t\t\t\t\t\t\t\t\t\t\t\t\t\t\t<\/a>\r\n\t\t\t\t\t\t<\/div>\r\n\t\t\t\t\t<\/div><\/div>\n<\/div> \r\n\t\t\n\t\t<\/div>\n\t<\/div>\n\t<\/div>\n\n<\/div>\n<\/div>","protected":false},"excerpt":{"rendered":"<p>&#8230; <a class=\"more-link\" href=\"https:\/\/picassotowers-malaga.com\/es\/fotos\/\">sigue leyendo<\/a><\/p>","protected":false},"author":4,"featured_media":0,"parent":0,"menu_order":0,"comment_status":"closed","ping_status":"closed","template":"","meta":{"footnotes":""},"class_list":["post-28","page","type-page","status-publish","hentry"],"yoast_head":"<!-- This site is optimized with the Yoast SEO plugin v27.2 - https:\/\/yoast.com\/product\/yoast-seo-wordpress\/ -->\n<title>Foto&#039;s - Picasso Towers<\/title>\n<meta name=\"description\" content=\"De luxehuizen aan de kust zijn uitgerust met spectaculaire uitzichten, tijdloze architectuur en de nieuwste binnenhuistechnologie. Bekijk hier de foto&#039;s.\" \/>\n<meta name=\"robots\" content=\"index, follow, max-snippet:-1, max-image-preview:large, max-video-preview:-1\" \/>\n<link rel=\"canonical\" href=\"https:\/\/picassotowers-malaga.com\/es\/fotos\/\" \/>\n<meta property=\"og:locale\" content=\"es_ES\" \/>\n<meta property=\"og:type\" content=\"article\" \/>\n<meta property=\"og:title\" content=\"Foto&#039;s - Picasso Towers\" \/>\n<meta property=\"og:description\" content=\"De luxehuizen aan de kust zijn uitgerust met spectaculaire uitzichten, tijdloze architectuur en de nieuwste binnenhuistechnologie. Bekijk hier de foto&#039;s.\" \/>\n<meta property=\"og:url\" content=\"https:\/\/picassotowers-malaga.com\/es\/fotos\/\" \/>\n<meta property=\"og:site_name\" content=\"Picasso Towers\" \/>\n<meta property=\"article:modified_time\" content=\"2022-12-20T15:37:37+00:00\" \/>\n<meta name=\"twitter:card\" content=\"summary_large_image\" \/>\n<meta name=\"twitter:label1\" content=\"Tiempo de lectura\" \/>\n\t<meta name=\"twitter:data1\" content=\"1 minuto\" \/>\n<script type=\"application\/ld+json\" class=\"yoast-schema-graph\">{\"@context\":\"https:\/\/schema.org\",\"@graph\":[{\"@type\":\"WebPage\",\"@id\":\"https:\/\/picassotowers-malaga.com\/fotos\/\",\"url\":\"https:\/\/picassotowers-malaga.com\/fotos\/\",\"name\":\"Foto's - Picasso Towers\",\"isPartOf\":{\"@id\":\"https:\/\/picassotowers-malaga.com\/#website\"},\"datePublished\":\"2018-06-18T12:33:16+00:00\",\"dateModified\":\"2022-12-20T15:37:37+00:00\",\"description\":\"De luxehuizen aan de kust zijn uitgerust met spectaculaire uitzichten, tijdloze architectuur en de nieuwste binnenhuistechnologie. Bekijk hier de foto's.\",\"breadcrumb\":{\"@id\":\"https:\/\/picassotowers-malaga.com\/fotos\/#breadcrumb\"},\"inLanguage\":\"es\",\"potentialAction\":[{\"@type\":\"ReadAction\",\"target\":[\"https:\/\/picassotowers-malaga.com\/fotos\/\"]}]},{\"@type\":\"BreadcrumbList\",\"@id\":\"https:\/\/picassotowers-malaga.com\/fotos\/#breadcrumb\",\"itemListElement\":[{\"@type\":\"ListItem\",\"position\":1,\"name\":\"Home\",\"item\":\"https:\/\/picassotowers-malaga.com\/\"},{\"@type\":\"ListItem\",\"position\":2,\"name\":\"Foto&#8217;s\"}]},{\"@type\":\"WebSite\",\"@id\":\"https:\/\/picassotowers-malaga.com\/#website\",\"url\":\"https:\/\/picassotowers-malaga.com\/\",\"name\":\"Picasso Towers\",\"description\":\"Nieuwbouw appartementen - Costa del Sol - Malaga - Spanje\",\"potentialAction\":[{\"@type\":\"SearchAction\",\"target\":{\"@type\":\"EntryPoint\",\"urlTemplate\":\"https:\/\/picassotowers-malaga.com\/?s={search_term_string}\"},\"query-input\":{\"@type\":\"PropertyValueSpecification\",\"valueRequired\":true,\"valueName\":\"search_term_string\"}}],\"inLanguage\":\"es\"}]}<\/script>\n<!-- \/ Yoast SEO plugin. -->","yoast_head_json":{"title":"Fotos - Torres Picasso","description":"Las casas de lujo en la costa est\u00e1n equipadas con vistas espectaculares, arquitectura atemporal y la \u00faltima tecnolog\u00eda interna. Mira las fotos aqu\u00ed.","robots":{"index":"index","follow":"follow","max-snippet":"max-snippet:-1","max-image-preview":"max-image-preview:large","max-video-preview":"max-video-preview:-1"},"canonical":"https:\/\/picassotowers-malaga.com\/es\/fotos\/","og_locale":"es_ES","og_type":"article","og_title":"Foto's - Picasso Towers","og_description":"De luxehuizen aan de kust zijn uitgerust met spectaculaire uitzichten, tijdloze architectuur en de nieuwste binnenhuistechnologie. Bekijk hier de foto's.","og_url":"https:\/\/picassotowers-malaga.com\/es\/fotos\/","og_site_name":"Picasso Towers","article_modified_time":"2022-12-20T15:37:37+00:00","twitter_card":"summary_large_image","twitter_misc":{"Tiempo de lectura":"1 minuto"},"schema":{"@context":"https:\/\/schema.org","@graph":[{"@type":"WebPage","@id":"https:\/\/picassotowers-malaga.com\/fotos\/","url":"https:\/\/picassotowers-malaga.com\/fotos\/","name":"Fotos - Torres Picasso","isPartOf":{"@id":"https:\/\/picassotowers-malaga.com\/#website"},"datePublished":"2018-06-18T12:33:16+00:00","dateModified":"2022-12-20T15:37:37+00:00","description":"Las casas de lujo en la costa est\u00e1n equipadas con vistas espectaculares, arquitectura atemporal y la \u00faltima tecnolog\u00eda interna. Mira las fotos aqu\u00ed.","breadcrumb":{"@id":"https:\/\/picassotowers-malaga.com\/fotos\/#breadcrumb"},"inLanguage":"es","potentialAction":[{"@type":"ReadAction","target":["https:\/\/picassotowers-malaga.com\/fotos\/"]}]},{"@type":"BreadcrumbList","@id":"https:\/\/picassotowers-malaga.com\/fotos\/#breadcrumb","itemListElement":[{"@type":"ListItem","position":1,"name":"Home","item":"https:\/\/picassotowers-malaga.com\/"},{"@type":"ListItem","position":2,"name":"Foto&#8217;s"}]},{"@type":"WebSite","@id":"https:\/\/picassotowers-malaga.com\/#website","url":"https:\/\/picassotowers-malaga.com\/","name":"Torres Picasso","description":"Apartamentos de nueva construcci\u00f3n - Costa del Sol - M\u00e1laga - Espa\u00f1a","potentialAction":[{"@type":"SearchAction","target":{"@type":"EntryPoint","urlTemplate":"https:\/\/picassotowers-malaga.com\/?s={search_term_string}"},"query-input":{"@type":"PropertyValueSpecification","valueRequired":true,"valueName":"search_term_string"}}],"inLanguage":"es"}]}},"_links":{"self":[{"href":"https:\/\/picassotowers-malaga.com\/es\/wp-json\/wp\/v2\/pages\/28","targetHints":{"allow":["GET"]}}],"collection":[{"href":"https:\/\/picassotowers-malaga.com\/es\/wp-json\/wp\/v2\/pages"}],"about":[{"href":"https:\/\/picassotowers-malaga.com\/es\/wp-json\/wp\/v2\/types\/page"}],"author":[{"embeddable":true,"href":"https:\/\/picassotowers-malaga.com\/es\/wp-json\/wp\/v2\/users\/4"}],"replies":[{"embeddable":true,"href":"https:\/\/picassotowers-malaga.com\/es\/wp-json\/wp\/v2\/comments?post=28"}],"version-history":[{"count":23,"href":"https:\/\/picassotowers-malaga.com\/es\/wp-json\/wp\/v2\/pages\/28\/revisions"}],"predecessor-version":[{"id":3236,"href":"https:\/\/picassotowers-malaga.com\/es\/wp-json\/wp\/v2\/pages\/28\/revisions\/3236"}],"wp:attachment":[{"href":"https:\/\/picassotowers-malaga.com\/es\/wp-json\/wp\/v2\/media?parent=28"}],"curies":[{"name":"gracias","href":"https:\/\/api.w.org\/{rel}","templated":true}]}}