{"id":28,"date":"2018-06-18T12:33:16","date_gmt":"2018-06-18T12:33:16","guid":{"rendered":"http:\/\/www.alhaurinvistagolf.com\/?page_id=28"},"modified":"2022-12-20T15:37:37","modified_gmt":"2022-12-20T15:37:37","slug":"fotos","status":"publish","type":"page","link":"https:\/\/picassotowers-malaga.com\/de\/fotos\/","title":{"rendered":"Fotos"},"content":{"rendered":"<div  class=\"content_row row vc_row wpb_row  default-style fullwidth\" >\n\t\n\t<div class=\"content_row_wrapper  fullwidth\" >\n\t<div id=\"asdasd\" class=\"vc_col-sm-12 wpb_column vc_column_container\" >\n\t<div class=\"vc_column-inner\">\n\t\t<div class=\"wpb_wrapper\" >\n\t\t\t\r\n\t\t\t<div class=\"rt-gallery clearfix  grid-gallery fixed_heights nogaps\" id=\"  \"><div class=\"row clearfix\">\n\r\n\t\t\t\t\t<div class=\"col col-sm-4 col-xs-12\">\r\n\t\t\t\t\t\t<div class=\"gallery-item-holder has-overlay\">\r\n\t\t\t\t\t\t\t<a id=\"lightbox-889979\" class=\"imgeffect zoom rt_lightbox\" data-gal-id=\"\" data-rel=\"rt_lightbox\" title=\"Bild vergr\u00f6\u00dfern\" data-title=\"towers_front\" data-sub-html=\"\" data-src=\"\" data-width=\"\" data-height=\"\" data-poster=\"\" data-autoplay=\"\" data-audiotitle=\"\" data-download-url=\"false\" href=\"https:\/\/picassotowers-malaga.com\/wp-content\/uploads\/2019\/08\/towers_front.png\">\r\n\t\t\t\t\t\t\t\t\t\t\t\t\t\t\t<div class=\"image-thumbnail\">\r\n\t\t\t\t\t\t\t\t\t\t\t\t\t\t\t\t<img decoding=\"async\" src=\"https:\/\/picassotowers-malaga.com\/wp-content\/uploads\/2019\/08\/towers_front-480x320.png\" alt=\"\">\r\n\t\t\t\t\t\t\t\t\t\t\t\t\t\t\t<\/div>\r\n\r\n\t\t\t\t\t\t\t\t\t\t\t\t\t\t\t<div class=\"overlay-text\">\r\n\t\t\t\t\t\t\t\t\t\t\t\t\t\t\t\t<span>towers_front<\/span>\r\n\t\t\t\t\t\t\t\t\t\t\t\t\t\t\t\t\r\n\t\t\t\t\t\t\t\t\t\t\t\t\t\t\t<\/div>\r\n\t\t\t\t\t\t\t\t\t\t\t\t\t\t\t<\/a>\r\n\t\t\t\t\t\t<\/div>\r\n\t\t\t\t\t<\/div>\r\n\t\t\t\t\t<div class=\"col col-sm-4 col-xs-12\">\r\n\t\t\t\t\t\t<div class=\"gallery-item-holder has-overlay\">\r\n\t\t\t\t\t\t\t<a id=\"lightbox-712552\" class=\"imgeffect zoom rt_lightbox\" data-gal-id=\"\" data-rel=\"rt_lightbox\" title=\"Bild vergr\u00f6\u00dfern\" data-title=\"towers_kl\" data-sub-html=\"\" data-src=\"\" data-width=\"\" data-height=\"\" data-poster=\"\" data-autoplay=\"\" data-audiotitle=\"\" data-download-url=\"false\" href=\"https:\/\/picassotowers-malaga.com\/wp-content\/uploads\/2019\/08\/towers_kl.png\">\r\n\t\t\t\t\t\t\t\t\t\t\t\t\t\t\t<div class=\"image-thumbnail\">\r\n\t\t\t\t\t\t\t\t\t\t\t\t\t\t\t\t<img decoding=\"async\" src=\"https:\/\/picassotowers-malaga.com\/wp-content\/uploads\/2019\/08\/towers_kl-480x320.png\" alt=\"\">\r\n\t\t\t\t\t\t\t\t\t\t\t\t\t\t\t<\/div>\r\n\r\n\t\t\t\t\t\t\t\t\t\t\t\t\t\t\t<div class=\"overlay-text\">\r\n\t\t\t\t\t\t\t\t\t\t\t\t\t\t\t\t<span>towers_kl<\/span>\r\n\t\t\t\t\t\t\t\t\t\t\t\t\t\t\t\t\r\n\t\t\t\t\t\t\t\t\t\t\t\t\t\t\t<\/div>\r\n\t\t\t\t\t\t\t\t\t\t\t\t\t\t\t<\/a>\r\n\t\t\t\t\t\t<\/div>\r\n\t\t\t\t\t<\/div>\r\n\t\t\t\t\t<div class=\"col col-sm-4 col-xs-12\">\r\n\t\t\t\t\t\t<div class=\"gallery-item-holder has-overlay\">\r\n\t\t\t\t\t\t\t<a id=\"lightbox-819840\" class=\"imgeffect zoom rt_lightbox\" data-gal-id=\"\" data-rel=\"rt_lightbox\" title=\"Bild vergr\u00f6\u00dfern\" data-title=\"tower_zee\" data-sub-html=\"\" data-src=\"\" data-width=\"\" data-height=\"\" data-poster=\"\" data-autoplay=\"\" data-audiotitle=\"\" data-download-url=\"false\" href=\"https:\/\/picassotowers-malaga.com\/wp-content\/uploads\/2019\/08\/tower_zee-1.png\">\r\n\t\t\t\t\t\t\t\t\t\t\t\t\t\t\t<div class=\"image-thumbnail\">\r\n\t\t\t\t\t\t\t\t\t\t\t\t\t\t\t\t<img decoding=\"async\" src=\"https:\/\/picassotowers-malaga.com\/wp-content\/uploads\/2019\/08\/tower_zee-1-480x320.png\" alt=\"\">\r\n\t\t\t\t\t\t\t\t\t\t\t\t\t\t\t<\/div>\r\n\r\n\t\t\t\t\t\t\t\t\t\t\t\t\t\t\t<div class=\"overlay-text\">\r\n\t\t\t\t\t\t\t\t\t\t\t\t\t\t\t\t<span>Tower_Sea<\/span>\r\n\t\t\t\t\t\t\t\t\t\t\t\t\t\t\t\t\r\n\t\t\t\t\t\t\t\t\t\t\t\t\t\t\t<\/div>\r\n\t\t\t\t\t\t\t\t\t\t\t\t\t\t\t<\/a>\r\n\t\t\t\t\t\t<\/div>\r\n\t\t\t\t\t<\/div><\/div>\n<div class=\"row clearfix\">\n\r\n\t\t\t\t\t<div class=\"col col-sm-4 col-xs-12\">\r\n\t\t\t\t\t\t<div class=\"gallery-item-holder has-overlay\">\r\n\t\t\t\t\t\t\t<a id=\"lightbox-367441\" class=\"imgeffect zoom rt_lightbox\" data-gal-id=\"\" data-rel=\"rt_lightbox\" title=\"Bild vergr\u00f6\u00dfern\" data-title=\"view_kl\" data-sub-html=\"\" data-src=\"\" data-width=\"\" data-height=\"\" data-poster=\"\" data-autoplay=\"\" data-audiotitle=\"\" data-download-url=\"false\" href=\"https:\/\/picassotowers-malaga.com\/wp-content\/uploads\/2019\/08\/view_kl.png\">\r\n\t\t\t\t\t\t\t\t\t\t\t\t\t\t\t<div class=\"image-thumbnail\">\r\n\t\t\t\t\t\t\t\t\t\t\t\t\t\t\t\t<img decoding=\"async\" src=\"https:\/\/picassotowers-malaga.com\/wp-content\/uploads\/2019\/08\/view_kl-480x320.png\" alt=\"\">\r\n\t\t\t\t\t\t\t\t\t\t\t\t\t\t\t<\/div>\r\n\r\n\t\t\t\t\t\t\t\t\t\t\t\t\t\t\t<div class=\"overlay-text\">\r\n\t\t\t\t\t\t\t\t\t\t\t\t\t\t\t\t<span>view_kl<\/span>\r\n\t\t\t\t\t\t\t\t\t\t\t\t\t\t\t\t\r\n\t\t\t\t\t\t\t\t\t\t\t\t\t\t\t<\/div>\r\n\t\t\t\t\t\t\t\t\t\t\t\t\t\t\t<\/a>\r\n\t\t\t\t\t\t<\/div>\r\n\t\t\t\t\t<\/div>\r\n\t\t\t\t\t<div class=\"col col-sm-4 col-xs-12\">\r\n\t\t\t\t\t\t<div class=\"gallery-item-holder has-overlay\">\r\n\t\t\t\t\t\t\t<a id=\"lightbox-963476\" class=\"imgeffect zoom rt_lightbox\" data-gal-id=\"\" data-rel=\"rt_lightbox\" title=\"Bild vergr\u00f6\u00dfern\" data-title=\"tower_by_night_kl\" data-sub-html=\"\" data-src=\"\" data-width=\"\" data-height=\"\" data-poster=\"\" data-autoplay=\"\" data-audiotitle=\"\" data-download-url=\"false\" href=\"https:\/\/picassotowers-malaga.com\/wp-content\/uploads\/2019\/08\/tower_by_night_kl.png\">\r\n\t\t\t\t\t\t\t\t\t\t\t\t\t\t\t<div class=\"image-thumbnail\">\r\n\t\t\t\t\t\t\t\t\t\t\t\t\t\t\t\t<img decoding=\"async\" src=\"https:\/\/picassotowers-malaga.com\/wp-content\/uploads\/2019\/08\/tower_by_night_kl-480x320.png\" alt=\"\">\r\n\t\t\t\t\t\t\t\t\t\t\t\t\t\t\t<\/div>\r\n\r\n\t\t\t\t\t\t\t\t\t\t\t\t\t\t\t<div class=\"overlay-text\">\r\n\t\t\t\t\t\t\t\t\t\t\t\t\t\t\t\t<span>Turm_von_Nacht_kl<\/span>\r\n\t\t\t\t\t\t\t\t\t\t\t\t\t\t\t\t\r\n\t\t\t\t\t\t\t\t\t\t\t\t\t\t\t<\/div>\r\n\t\t\t\t\t\t\t\t\t\t\t\t\t\t\t<\/a>\r\n\t\t\t\t\t\t<\/div>\r\n\t\t\t\t\t<\/div>\r\n\t\t\t\t\t<div class=\"col col-sm-4 col-xs-12\">\r\n\t\t\t\t\t\t<div class=\"gallery-item-holder has-overlay\">\r\n\t\t\t\t\t\t\t<a id=\"lightbox-117896\" class=\"imgeffect zoom rt_lightbox\" data-gal-id=\"\" data-rel=\"rt_lightbox\" title=\"Bild vergr\u00f6\u00dfern\" data-title=\"zwembad\" data-sub-html=\"\" data-src=\"\" data-width=\"\" data-height=\"\" data-poster=\"\" data-autoplay=\"\" data-audiotitle=\"\" data-download-url=\"false\" href=\"https:\/\/picassotowers-malaga.com\/wp-content\/uploads\/2019\/08\/zwembad.png\">\r\n\t\t\t\t\t\t\t\t\t\t\t\t\t\t\t<div class=\"image-thumbnail\">\r\n\t\t\t\t\t\t\t\t\t\t\t\t\t\t\t\t<img decoding=\"async\" src=\"https:\/\/picassotowers-malaga.com\/wp-content\/uploads\/2019\/08\/zwembad-480x320.png\" alt=\"\">\r\n\t\t\t\t\t\t\t\t\t\t\t\t\t\t\t<\/div>\r\n\r\n\t\t\t\t\t\t\t\t\t\t\t\t\t\t\t<div class=\"overlay-text\">\r\n\t\t\t\t\t\t\t\t\t\t\t\t\t\t\t\t<span>Schwimmbad<\/span>\r\n\t\t\t\t\t\t\t\t\t\t\t\t\t\t\t\t\r\n\t\t\t\t\t\t\t\t\t\t\t\t\t\t\t<\/div>\r\n\t\t\t\t\t\t\t\t\t\t\t\t\t\t\t<\/a>\r\n\t\t\t\t\t\t<\/div>\r\n\t\t\t\t\t<\/div><\/div>\n<div class=\"row clearfix\">\n\r\n\t\t\t\t\t<div class=\"col col-sm-4 col-xs-12\">\r\n\t\t\t\t\t\t<div class=\"gallery-item-holder has-overlay\">\r\n\t\t\t\t\t\t\t<a id=\"lightbox-654980\" class=\"imgeffect zoom rt_lightbox\" data-gal-id=\"\" data-rel=\"rt_lightbox\" title=\"Bild vergr\u00f6\u00dfern\" data-title=\"interieur_2\" data-sub-html=\"\" data-src=\"\" data-width=\"\" data-height=\"\" data-poster=\"\" data-autoplay=\"\" data-audiotitle=\"\" data-download-url=\"false\" href=\"https:\/\/picassotowers-malaga.com\/wp-content\/uploads\/2019\/08\/interieur_2.jpg\">\r\n\t\t\t\t\t\t\t\t\t\t\t\t\t\t\t<div class=\"image-thumbnail\">\r\n\t\t\t\t\t\t\t\t\t\t\t\t\t\t\t\t<img decoding=\"async\" src=\"https:\/\/picassotowers-malaga.com\/wp-content\/uploads\/2019\/08\/interieur_2-480x320.jpg\" alt=\"\">\r\n\t\t\t\t\t\t\t\t\t\t\t\t\t\t\t<\/div>\r\n\r\n\t\t\t\t\t\t\t\t\t\t\t\t\t\t\t<div class=\"overlay-text\">\r\n\t\t\t\t\t\t\t\t\t\t\t\t\t\t\t\t<span>interior_2<\/span>\r\n\t\t\t\t\t\t\t\t\t\t\t\t\t\t\t\t\r\n\t\t\t\t\t\t\t\t\t\t\t\t\t\t\t<\/div>\r\n\t\t\t\t\t\t\t\t\t\t\t\t\t\t\t<\/a>\r\n\t\t\t\t\t\t<\/div>\r\n\t\t\t\t\t<\/div>\r\n\t\t\t\t\t<div class=\"col col-sm-4 col-xs-12\">\r\n\t\t\t\t\t\t<div class=\"gallery-item-holder has-overlay\">\r\n\t\t\t\t\t\t\t<a id=\"lightbox-774107\" class=\"imgeffect zoom rt_lightbox\" data-gal-id=\"\" data-rel=\"rt_lightbox\" title=\"Bild vergr\u00f6\u00dfern\" data-title=\"interieur\" data-sub-html=\"\" data-src=\"\" data-width=\"\" data-height=\"\" data-poster=\"\" data-autoplay=\"\" data-audiotitle=\"\" data-download-url=\"false\" href=\"https:\/\/picassotowers-malaga.com\/wp-content\/uploads\/2019\/08\/interieur.png\">\r\n\t\t\t\t\t\t\t\t\t\t\t\t\t\t\t<div class=\"image-thumbnail\">\r\n\t\t\t\t\t\t\t\t\t\t\t\t\t\t\t\t<img decoding=\"async\" src=\"https:\/\/picassotowers-malaga.com\/wp-content\/uploads\/2019\/08\/interieur-480x320.png\" alt=\"dachpool picasso towers malaga\">\r\n\t\t\t\t\t\t\t\t\t\t\t\t\t\t\t<\/div>\r\n\r\n\t\t\t\t\t\t\t\t\t\t\t\t\t\t\t<div class=\"overlay-text\">\r\n\t\t\t\t\t\t\t\t\t\t\t\t\t\t\t\t<span>Innere<\/span>\r\n\t\t\t\t\t\t\t\t\t\t\t\t\t\t\t\t\r\n\t\t\t\t\t\t\t\t\t\t\t\t\t\t\t<\/div>\r\n\t\t\t\t\t\t\t\t\t\t\t\t\t\t\t<\/a>\r\n\t\t\t\t\t\t<\/div>\r\n\t\t\t\t\t<\/div>\r\n\t\t\t\t\t<div class=\"col col-sm-4 col-xs-12\">\r\n\t\t\t\t\t\t<div class=\"gallery-item-holder has-overlay\">\r\n\t\t\t\t\t\t\t<a id=\"lightbox-929142\" class=\"imgeffect zoom rt_lightbox\" data-gal-id=\"\" data-rel=\"rt_lightbox\" title=\"Bild vergr\u00f6\u00dfern\" data-title=\"picasso-Towers-Malaga-roof-pool\" data-sub-html=\"\" data-src=\"\" data-width=\"\" data-height=\"\" data-poster=\"\" data-autoplay=\"\" data-audiotitle=\"\" data-download-url=\"false\" href=\"https:\/\/picassotowers-malaga.com\/wp-content\/uploads\/2022\/12\/picasso-Towers-Malaga-roof-pool.jpg\">\r\n\t\t\t\t\t\t\t\t\t\t\t\t\t\t\t<div class=\"image-thumbnail\">\r\n\t\t\t\t\t\t\t\t\t\t\t\t\t\t\t\t<img decoding=\"async\" src=\"https:\/\/picassotowers-malaga.com\/wp-content\/uploads\/2022\/12\/picasso-Towers-Malaga-roof-pool-480x320.jpg\" alt=\"\">\r\n\t\t\t\t\t\t\t\t\t\t\t\t\t\t\t<\/div>\r\n\r\n\t\t\t\t\t\t\t\t\t\t\t\t\t\t\t<div class=\"overlay-text\">\r\n\t\t\t\t\t\t\t\t\t\t\t\t\t\t\t\t<span>Picasso-Towers-Malaga-Dachpool<\/span>\r\n\t\t\t\t\t\t\t\t\t\t\t\t\t\t\t\t\r\n\t\t\t\t\t\t\t\t\t\t\t\t\t\t\t<\/div>\r\n\t\t\t\t\t\t\t\t\t\t\t\t\t\t\t<\/a>\r\n\t\t\t\t\t\t<\/div>\r\n\t\t\t\t\t<\/div><\/div>\n<\/div> \r\n\t\t\n\t\t<\/div>\n\t<\/div>\n\t<\/div>\n\n<\/div>\n<\/div>","protected":false},"excerpt":{"rendered":"<p>&#8230; <a class=\"more-link\" href=\"https:\/\/picassotowers-malaga.com\/de\/fotos\/\">Weiterlesen<\/a><\/p>","protected":false},"author":4,"featured_media":0,"parent":0,"menu_order":0,"comment_status":"closed","ping_status":"closed","template":"","meta":{"footnotes":""},"class_list":["post-28","page","type-page","status-publish","hentry"],"yoast_head":"<!-- This site is optimized with the Yoast SEO plugin v27.2 - https:\/\/yoast.com\/product\/yoast-seo-wordpress\/ -->\n<title>Foto&#039;s - Picasso Towers<\/title>\n<meta name=\"description\" content=\"De luxehuizen aan de kust zijn uitgerust met spectaculaire uitzichten, tijdloze architectuur en de nieuwste binnenhuistechnologie. Bekijk hier de foto&#039;s.\" \/>\n<meta name=\"robots\" content=\"index, follow, max-snippet:-1, max-image-preview:large, max-video-preview:-1\" \/>\n<link rel=\"canonical\" href=\"https:\/\/picassotowers-malaga.com\/de\/fotos\/\" \/>\n<meta property=\"og:locale\" content=\"de_DE\" \/>\n<meta property=\"og:type\" content=\"article\" \/>\n<meta property=\"og:title\" content=\"Foto&#039;s - Picasso Towers\" \/>\n<meta property=\"og:description\" content=\"De luxehuizen aan de kust zijn uitgerust met spectaculaire uitzichten, tijdloze architectuur en de nieuwste binnenhuistechnologie. Bekijk hier de foto&#039;s.\" \/>\n<meta property=\"og:url\" content=\"https:\/\/picassotowers-malaga.com\/de\/fotos\/\" \/>\n<meta property=\"og:site_name\" content=\"Picasso Towers\" \/>\n<meta property=\"article:modified_time\" content=\"2022-12-20T15:37:37+00:00\" \/>\n<meta name=\"twitter:card\" content=\"summary_large_image\" \/>\n<meta name=\"twitter:label1\" content=\"Gesch\u00e4tzte Lesezeit\" \/>\n\t<meta name=\"twitter:data1\" content=\"1\u00a0Minute\" \/>\n<script type=\"application\/ld+json\" class=\"yoast-schema-graph\">{\"@context\":\"https:\/\/schema.org\",\"@graph\":[{\"@type\":\"WebPage\",\"@id\":\"https:\/\/picassotowers-malaga.com\/fotos\/\",\"url\":\"https:\/\/picassotowers-malaga.com\/fotos\/\",\"name\":\"Foto's - Picasso Towers\",\"isPartOf\":{\"@id\":\"https:\/\/picassotowers-malaga.com\/#website\"},\"datePublished\":\"2018-06-18T12:33:16+00:00\",\"dateModified\":\"2022-12-20T15:37:37+00:00\",\"description\":\"De luxehuizen aan de kust zijn uitgerust met spectaculaire uitzichten, tijdloze architectuur en de nieuwste binnenhuistechnologie. Bekijk hier de foto's.\",\"breadcrumb\":{\"@id\":\"https:\/\/picassotowers-malaga.com\/fotos\/#breadcrumb\"},\"inLanguage\":\"de\",\"potentialAction\":[{\"@type\":\"ReadAction\",\"target\":[\"https:\/\/picassotowers-malaga.com\/fotos\/\"]}]},{\"@type\":\"BreadcrumbList\",\"@id\":\"https:\/\/picassotowers-malaga.com\/fotos\/#breadcrumb\",\"itemListElement\":[{\"@type\":\"ListItem\",\"position\":1,\"name\":\"Home\",\"item\":\"https:\/\/picassotowers-malaga.com\/\"},{\"@type\":\"ListItem\",\"position\":2,\"name\":\"Foto&#8217;s\"}]},{\"@type\":\"WebSite\",\"@id\":\"https:\/\/picassotowers-malaga.com\/#website\",\"url\":\"https:\/\/picassotowers-malaga.com\/\",\"name\":\"Picasso Towers\",\"description\":\"Nieuwbouw appartementen - Costa del Sol - Malaga - Spanje\",\"potentialAction\":[{\"@type\":\"SearchAction\",\"target\":{\"@type\":\"EntryPoint\",\"urlTemplate\":\"https:\/\/picassotowers-malaga.com\/?s={search_term_string}\"},\"query-input\":{\"@type\":\"PropertyValueSpecification\",\"valueRequired\":true,\"valueName\":\"search_term_string\"}}],\"inLanguage\":\"de\"}]}<\/script>\n<!-- \/ Yoast SEO plugin. -->","yoast_head_json":{"title":"Fotos - Picasso-T\u00fcrme","description":"Die Luxush\u00e4user an der K\u00fcste sind mit spektakul\u00e4ren Ausblicken, zeitloser Architektur und modernster hauseigener Technologie ausgestattet. Sehen Sie sich die Fotos hier an.","robots":{"index":"index","follow":"follow","max-snippet":"max-snippet:-1","max-image-preview":"max-image-preview:large","max-video-preview":"max-video-preview:-1"},"canonical":"https:\/\/picassotowers-malaga.com\/de\/fotos\/","og_locale":"de_DE","og_type":"article","og_title":"Foto's - Picasso Towers","og_description":"De luxehuizen aan de kust zijn uitgerust met spectaculaire uitzichten, tijdloze architectuur en de nieuwste binnenhuistechnologie. Bekijk hier de foto's.","og_url":"https:\/\/picassotowers-malaga.com\/de\/fotos\/","og_site_name":"Picasso Towers","article_modified_time":"2022-12-20T15:37:37+00:00","twitter_card":"summary_large_image","twitter_misc":{"Gesch\u00e4tzte Lesezeit":"1\u00a0Minute"},"schema":{"@context":"https:\/\/schema.org","@graph":[{"@type":"WebPage","@id":"https:\/\/picassotowers-malaga.com\/fotos\/","url":"https:\/\/picassotowers-malaga.com\/fotos\/","name":"Fotos - Picasso-T\u00fcrme","isPartOf":{"@id":"https:\/\/picassotowers-malaga.com\/#website"},"datePublished":"2018-06-18T12:33:16+00:00","dateModified":"2022-12-20T15:37:37+00:00","description":"Die Luxush\u00e4user an der K\u00fcste sind mit spektakul\u00e4ren Ausblicken, zeitloser Architektur und modernster hauseigener Technologie ausgestattet. Sehen Sie sich die Fotos hier an.","breadcrumb":{"@id":"https:\/\/picassotowers-malaga.com\/fotos\/#breadcrumb"},"inLanguage":"de","potentialAction":[{"@type":"ReadAction","target":["https:\/\/picassotowers-malaga.com\/fotos\/"]}]},{"@type":"BreadcrumbList","@id":"https:\/\/picassotowers-malaga.com\/fotos\/#breadcrumb","itemListElement":[{"@type":"ListItem","position":1,"name":"Home","item":"https:\/\/picassotowers-malaga.com\/"},{"@type":"ListItem","position":2,"name":"Foto&#8217;s"}]},{"@type":"WebSite","@id":"https:\/\/picassotowers-malaga.com\/#website","url":"https:\/\/picassotowers-malaga.com\/","name":"Picasso-T\u00fcrme","description":"Neubauwohnungen - Costa del Sol - Malaga - Spanien","potentialAction":[{"@type":"SearchAction","target":{"@type":"EntryPoint","urlTemplate":"https:\/\/picassotowers-malaga.com\/?s={search_term_string}"},"query-input":{"@type":"PropertyValueSpecification","valueRequired":true,"valueName":"search_term_string"}}],"inLanguage":"de"}]}},"_links":{"self":[{"href":"https:\/\/picassotowers-malaga.com\/de\/wp-json\/wp\/v2\/pages\/28","targetHints":{"allow":["GET"]}}],"collection":[{"href":"https:\/\/picassotowers-malaga.com\/de\/wp-json\/wp\/v2\/pages"}],"about":[{"href":"https:\/\/picassotowers-malaga.com\/de\/wp-json\/wp\/v2\/types\/page"}],"author":[{"embeddable":true,"href":"https:\/\/picassotowers-malaga.com\/de\/wp-json\/wp\/v2\/users\/4"}],"replies":[{"embeddable":true,"href":"https:\/\/picassotowers-malaga.com\/de\/wp-json\/wp\/v2\/comments?post=28"}],"version-history":[{"count":23,"href":"https:\/\/picassotowers-malaga.com\/de\/wp-json\/wp\/v2\/pages\/28\/revisions"}],"predecessor-version":[{"id":3236,"href":"https:\/\/picassotowers-malaga.com\/de\/wp-json\/wp\/v2\/pages\/28\/revisions\/3236"}],"wp:attachment":[{"href":"https:\/\/picassotowers-malaga.com\/de\/wp-json\/wp\/v2\/media?parent=28"}],"curies":[{"name":"wp","href":"https:\/\/api.w.org\/{rel}","templated":true}]}}