{"id":26,"date":"2018-06-18T12:35:33","date_gmt":"2018-06-18T12:35:33","guid":{"rendered":"http:\/\/www.alhaurinvistagolf.com\/?page_id=26"},"modified":"2024-09-18T09:19:17","modified_gmt":"2024-09-18T09:19:17","slug":"het-complex","status":"publish","type":"page","link":"https:\/\/picassotowers-malaga.com\/de\/der-komplex\/","title":{"rendered":"Picasso-T\u00fcrme M\u00e1laga"},"content":{"rendered":"<div  class=\"content_row row vc_row wpb_row  default-style fullwidth\" >\n\t\n\t<div class=\"content_row_wrapper  default\" >\n\t<div id=\"asdasd\" class=\"vc_col-sm-12 wpb_column vc_column_container\" >\n\t<div class=\"vc_column-inner\">\n\t\t<div class=\"wpb_wrapper\" >\n\t\t\t<div class=\"wpb_revslider_element wpb_content_element\">\n<div id=\"rev_slider_6_1_wrapper\" class=\"rev_slider_wrapper fullwidthbanner-container\" data-source=\"gallery\" style=\"margin:0px auto;background:transparent;padding:0px;margin-top:0px;margin-bottom:0px;\">\n<!-- START REVOLUTION SLIDER 5.4.7.3 fullwidth mode -->\n\t<div id=\"rev_slider_6_1\" class=\"rev_slider fullwidthabanner\" style=\"display:none;\" data-version=\"5.4.7.3\">\n<ul>\t<!-- SLIDE  -->\n\t<li data-index=\"rs-8\" data-transition=\"fade\" data-slotamount=\"default\" data-hideafterloop=\"0\" data-hideslideonmobile=\"off\"  data-easein=\"default\" data-easeout=\"default\" data-masterspeed=\"300\"  data-rotate=\"0\"  data-saveperformance=\"off\"  data-ssop=\"true\"  data-title=\"Slide\" data-param1=\"\" data-param2=\"\" data-param3=\"\" data-param4=\"\" data-param5=\"\" data-param6=\"\" data-param7=\"\" data-param8=\"\" data-param9=\"\" data-param10=\"\" data-description=\"\">\n\t\t<!-- MAIN IMAGE -->\n\t\t<img decoding=\"async\" src=\"https:\/\/picassotowers-malaga.com\/wp-content\/plugins\/revslider\/admin\/assets\/images\/transparent.png\"  alt=\"\" title=\"Picasso-T\u00fcrme M\u00e1laga\"  data-bgposition=\"center center\" data-bgfit=\"cover\" data-bgrepeat=\"no-repeat\" class=\"rev-slidebg\" data-no-retina>\n\t\t<!-- LAYERS -->\n\n\t\t<!-- LAYER NR. 1 -->\n\t\t<div class=\"tp-caption   tp-resizeme\" \n\t\t\t id=\"slide-8-layer-13\" \n\t\t\t data-x=\"-15\" \n\t\t\t data-y=\"-303\" \n\t\t\t\t\t\tdata-width=\"['none','none','none','none']\"\n\t\t\tdata-height=\"['none','none','none','none']\"\n \n\t\t\tdata-type=\"image\" \n\t\t\tdata-responsive_offset=\"on\" \n\n\t\t\tdata-frames='[{\"delay\":0,\"speed\":300,\"frame\":\"0\",\"from\":\"opacity:0;\",\"to\":\"o:1;\",\"ease\":\"Power3.easeInOut\"},{\"delay\":\"wait\",\"speed\":300,\"frame\":\"999\",\"to\":\"opacity:0;\",\"ease\":\"Power3.easeInOut\"}]'\n\t\t\tdata-textalign=\"['inherit','inherit','inherit','inherit']\"\n\t\t\tdata-paddingtop=\"[0,0,0,0]\"\n\t\t\tdata-paddingright=\"[0,0,0,0]\"\n\t\t\tdata-paddingbottom=\"[0,0,0,0]\"\n\t\t\tdata-paddingleft=\"[0,0,0,0]\"\n\n\t\t\tstyle=\"z-index: 6;\"><img loading=\"lazy\" decoding=\"async\" src=\"https:\/\/picassotowers-malaga.com\/wp-content\/uploads\/2019\/08\/towers_kl.png\" alt=\"\" data-ww=\"1256px\" data-hh=\"848px\" width=\"992\" height=\"670\" data-no-retina> <\/div>\n\t<\/li>\n<\/ul>\n<div class=\"tp-bannertimer tp-bottom\" style=\"visibility: hidden !important;\"><\/div>\t<\/div>\n<script>var htmlDiv = document.getElementById(\"rs-plugin-settings-inline-css\"); var htmlDivCss=\"\";\r\n\t\t\t\tif(htmlDiv) {\r\n\t\t\t\t\thtmlDiv.innerHTML = htmlDiv.innerHTML + htmlDivCss;\r\n\t\t\t\t}else{\r\n\t\t\t\t\tvar htmlDiv = document.createElement(\"div\");\r\n\t\t\t\t\thtmlDiv.innerHTML = \"<style>\" + htmlDivCss + \"<\/style>\";\r\n\t\t\t\t\tdocument.getElementsByTagName(\"head\")[0].appendChild(htmlDiv.childNodes[0]);\r\n\t\t\t\t}\r\n\t\t\t<\/script>\n\t\t<script type=\"text\/javascript\">\r\nif (setREVStartSize!==undefined) setREVStartSize(\r\n\t{c: '#rev_slider_6_1', gridwidth: [1240], gridheight: [464], sliderLayout: 'fullwidth'});\r\n\t\t\t\r\nvar revapi6,\r\n\ttpj;\t\r\n(function() {\t\t\t\r\n\tif (!\/loaded|interactive|complete\/.test(document.readyState)) document.addEventListener(\"DOMContentLoaded\",onLoad); else onLoad();\t\r\n\tfunction onLoad() {\t\t\t\t\r\n\t\tif (tpj===undefined) { tpj = jQuery; if(\"off\" == \"on\") tpj.noConflict();}\r\n\tif(tpj(\"#rev_slider_6_1\").revolution == undefined){\n\t\trevslider_showDoubleJqueryError(\"#rev_slider_6_1\");\n\t}else{\n\t\trevapi6 = tpj(\"#rev_slider_6_1\").show().revolution({\n\t\t\tsliderType:\"standard\",\n\t\t\tjsFileLocation:\"\/\/picassotowers-malaga.com\/wp-content\/plugins\/revslider\/public\/assets\/js\/\",\n\t\t\tsliderLayout:\"fullwidth\",\n\t\t\tdottedOverlay:\"none\",\n\t\t\tdelay:6000,\n\t\t\tnavigation: {\n\t\t\t\tonHoverStop:\"off\",\n\t\t\t},\n\t\t\tvisibilityLevels:[1240,1024,778,480],\n\t\t\tgridwidth:1240,\n\t\t\tgridheight:464,\n\t\t\tlazyType:\"none\",\n\t\t\tshadow:0,\n\t\t\tspinner:\"spinner0\",\n\t\t\tstopLoop:\"off\",\n\t\t\tstopAfterLoops:-1,\n\t\t\tstopAtSlide:-1,\n\t\t\tshuffle:\"off\",\n\t\t\tautoHeight:\"off\",\n\t\t\tdisableProgressBar:\"on\",\n\t\t\thideThumbsOnMobile:\"off\",\n\t\t\thideSliderAtLimit:0,\n\t\t\thideCaptionAtLimit:0,\n\t\t\thideAllCaptionAtLilmit:0,\n\t\t\tdebugMode:false,\n\t\t\tfallbacks: {\n\t\t\t\tsimplifyAll:\"off\",\n\t\t\t\tnextSlideOnWindowFocus:\"off\",\n\t\t\t\tdisableFocusListener:false,\n\t\t\t}\n\t\t});\n\t}; \/* END OF revapi call *\/\n\t\n }; \/* END OF ON LOAD FUNCTION *\/\r\n}()); \/* END OF WRAPPING FUNCTION *\/\r\n<\/script>\r\n\t\t<\/div><!-- END REVOLUTION SLIDER --><\/div>\n\t\t<\/div>\n\t<\/div>\n\t<\/div>\n\n<\/div>\n<\/div>\n\n<div  class=\"content_row row vc_row wpb_row  default-style fullwidth\" >\n\t\n\t<div class=\"content_row_wrapper  default\" >\n\t<div id=\"asdasd\" class=\"vc_col-sm-12 wpb_column vc_column_container\" >\n\t<div class=\"vc_column-inner\">\n\t\t<div class=\"wpb_wrapper\" >\n\t\t\t\n\t<div class=\"wpb_text_column wpb_content_element\" >\n\t\t<div class=\"wpb_wrapper\">\n\t\t\t<h3><span style=\"font-weight: 400;\"><b>Picasso-T\u00fcrme<br \/>\n<\/b><\/span><\/h3>\n<p>M\u00e1laga steigt mit dem Projekt Picasso Towers in die europ\u00e4ische Wohnelite ein. Es handelt sich um drei T\u00fcrme mit 213 Wohnungen und jeweils 21 Stockwerken am Paseo Mar\u00edtimo im Westen der Stadt, direkt am Strand. Das Projekt hat eine Investitionssumme von 225 Millionen Euro. Auch Antonio Banderas hat dort ein Haus erworben.<\/p>\n<p>Die T\u00fcrme werden \u00fcber drei Swimmingpools verf\u00fcgen: einen beheizten und zwei Au\u00dfenpools; ein Spa, ein Fitnesscenter, ein privates Kino, ein Spielzimmer, einen Co-Working-Bereich und sogar eine Kindertagesst\u00e4tte. Sie werden au\u00dferdem mit der neuesten Hausautomationstechnologie und einer mobilen App ausgestattet sein, um Reservierungen f\u00fcr Gesch\u00e4ftstreffen oder Fitnessstudio-Termine der ans\u00e4ssigen CEOs zu verwalten. Die B\u00fcros werden 1.000 m\u00b2 und die Gewerbefl\u00e4chen 500 m\u00b2 umfassen. Malaga Towers setzt nicht nur in seiner Architektur, sondern auch in seinem Serviceangebot auf Spitzentechnologie. So k\u00f6nnen Sie mit einem einzigen Klick die Buchung und Verf\u00fcgbarkeit eines Raums f\u00fcr Ihr Gesch\u00e4ftstreffen, einen Spinning-Kurs oder eine Spa-Sitzung zum perfekten Tagesausklang verwalten.<\/p>\n<p style=\"font-weight: 400;\"><u>Die Kaufpreise (exkl. MwSt. 10%) und m2 lauten wie folgt;<\/u><\/p>\n<p style=\"font-weight: 400;\">-Die Apartments mit 1 Schlafzimmer und 1 Badezimmer sind 62 m2 gro\u00df und verf\u00fcgen \u00fcber eine Terrasse von 18 m2. <strong>AUSVERKAUFT!<\/strong><\/p>\n<p style=\"font-weight: 400;\">-Die Apartments mit 2 Schlafzimmern und 2 B\u00e4dern sind 131 m2 gro\u00df und verf\u00fcgen \u00fcber eine Terrasse von 60 m2. <strong>AUSVERKAUFT!<\/strong><\/p>\n<p style=\"font-weight: 400;\">-Die Apartments mit 3 Schlafzimmern und 2 B\u00e4dern sind 193 m2 gro\u00df und verf\u00fcgen \u00fcber eine Terrasse von 33 m2. <strong>Ab 2.236.000 Euro<\/strong><\/p>\n<p style=\"font-weight: 400;\">-Die Apartments mit 4 Schlafzimmern und 3 B\u00e4dern sind 305 m2 gro\u00df und verf\u00fcgen \u00fcber eine Terrasse von 180 m2. <strong>Ab 2.405.000 Euro<\/strong><\/p>\n<p><strong><a href=\"https:\/\/picassotowers-malaga.com\/de\/kontaktiere-uns\/\">AKTUELLE VERF\u00dcGBARKEIT, PREISLISTE &amp; BROSCH\u00dcRE ANFORDERN &gt;&gt;&gt;<\/a><\/strong><\/p>\n\n\t\t<\/div>\n\t<\/div>\n<div class=\"vc_btn3-container  photo-button vc_btn3-center\" ><a style=\"background-color:#bbaa85; color:#ffffff;\" class=\"vc_general vc_btn3 vc_btn3-size-lg vc_btn3-shape-square vc_btn3-style-custom\" href=\"https:\/\/picassotowers-malaga.com\/de\/mehr-info\/\" title=\"Mehr Informationen\">MEHR INFO<\/a><\/div>\n\t\t<\/div>\n\t<\/div>\n\t<\/div>\n\n<\/div>\n<\/div>\n\n<div  class=\"content_row row vc_row wpb_row  default-style fullwidth\" >\n\t\n\t<div class=\"content_row_wrapper  default\" >\n\t<div id=\"asdasd\" class=\"vc_col-sm-12 wpb_column vc_column_container\" >\n\t<div class=\"vc_column-inner\">\n\t\t<div class=\"wpb_wrapper\" >\n\t\t\t\n\t<div class=\"wpb_text_column wpb_content_element\" >\n\t\t<div class=\"wpb_wrapper\">\n\t\t\t\n\t\t<\/div>\n\t<\/div>\n\n\t\t<\/div>\n\t<\/div>\n\t<\/div>\n\n<\/div>\n<\/div>","protected":false},"excerpt":{"rendered":"<p>&#8230; <a class=\"more-link\" href=\"https:\/\/picassotowers-malaga.com\/de\/der-komplex\/\">Weiterlesen<\/a><\/p>","protected":false},"author":4,"featured_media":0,"parent":0,"menu_order":0,"comment_status":"closed","ping_status":"closed","template":"","meta":{"footnotes":""},"class_list":["post-26","page","type-page","status-publish","hentry"],"yoast_head":"<!-- This site is optimized with the Yoast SEO plugin v27.2 - https:\/\/yoast.com\/product\/yoast-seo-wordpress\/ -->\n<title>Picasso Towers M\u00e1laga - Picasso Towers<\/title>\n<meta name=\"description\" content=\"Picasso Towers is een wooncomplex aan de rand van M\u00e1laga. Dit exclusieve complex voorziet een exclusieve leefstijl in de Mediterrane zon.\" \/>\n<meta name=\"robots\" content=\"index, follow, max-snippet:-1, max-image-preview:large, max-video-preview:-1\" \/>\n<link rel=\"canonical\" href=\"https:\/\/picassotowers-malaga.com\/de\/der-komplex\/\" \/>\n<meta property=\"og:locale\" content=\"de_DE\" \/>\n<meta property=\"og:type\" content=\"article\" \/>\n<meta property=\"og:title\" content=\"Picasso Towers M\u00e1laga - Picasso Towers\" \/>\n<meta property=\"og:description\" content=\"Picasso Towers is een wooncomplex aan de rand van M\u00e1laga. Dit exclusieve complex voorziet een exclusieve leefstijl in de Mediterrane zon.\" \/>\n<meta property=\"og:url\" content=\"https:\/\/picassotowers-malaga.com\/de\/der-komplex\/\" \/>\n<meta property=\"og:site_name\" content=\"Picasso Towers\" \/>\n<meta property=\"article:modified_time\" content=\"2024-09-18T09:19:17+00:00\" \/>\n<meta name=\"twitter:card\" content=\"summary_large_image\" \/>\n<meta name=\"twitter:label1\" content=\"Gesch\u00e4tzte Lesezeit\" \/>\n\t<meta name=\"twitter:data1\" content=\"2\u00a0Minuten\" \/>\n<script type=\"application\/ld+json\" class=\"yoast-schema-graph\">{\"@context\":\"https:\/\/schema.org\",\"@graph\":[{\"@type\":\"WebPage\",\"@id\":\"https:\/\/picassotowers-malaga.com\/het-complex\/\",\"url\":\"https:\/\/picassotowers-malaga.com\/het-complex\/\",\"name\":\"Picasso Towers M\u00e1laga - Picasso Towers\",\"isPartOf\":{\"@id\":\"https:\/\/picassotowers-malaga.com\/#website\"},\"datePublished\":\"2018-06-18T12:35:33+00:00\",\"dateModified\":\"2024-09-18T09:19:17+00:00\",\"description\":\"Picasso Towers is een wooncomplex aan de rand van M\u00e1laga. Dit exclusieve complex voorziet een exclusieve leefstijl in de Mediterrane zon.\",\"breadcrumb\":{\"@id\":\"https:\/\/picassotowers-malaga.com\/het-complex\/#breadcrumb\"},\"inLanguage\":\"de\",\"potentialAction\":[{\"@type\":\"ReadAction\",\"target\":[\"https:\/\/picassotowers-malaga.com\/het-complex\/\"]}]},{\"@type\":\"BreadcrumbList\",\"@id\":\"https:\/\/picassotowers-malaga.com\/het-complex\/#breadcrumb\",\"itemListElement\":[{\"@type\":\"ListItem\",\"position\":1,\"name\":\"Home\",\"item\":\"https:\/\/picassotowers-malaga.com\/\"},{\"@type\":\"ListItem\",\"position\":2,\"name\":\"Picasso Towers M\u00e1laga\"}]},{\"@type\":\"WebSite\",\"@id\":\"https:\/\/picassotowers-malaga.com\/#website\",\"url\":\"https:\/\/picassotowers-malaga.com\/\",\"name\":\"Picasso Towers\",\"description\":\"Nieuwbouw appartementen - Costa del Sol - Malaga - Spanje\",\"potentialAction\":[{\"@type\":\"SearchAction\",\"target\":{\"@type\":\"EntryPoint\",\"urlTemplate\":\"https:\/\/picassotowers-malaga.com\/?s={search_term_string}\"},\"query-input\":{\"@type\":\"PropertyValueSpecification\",\"valueRequired\":true,\"valueName\":\"search_term_string\"}}],\"inLanguage\":\"de\"}]}<\/script>\n<!-- \/ Yoast SEO plugin. -->","yoast_head_json":{"title":"Picasso-T\u00fcrme M\u00e1laga - Picasso-T\u00fcrme","description":"Picasso Towers ist eine Wohnanlage am Stadtrand von M\u00e1laga. Dieser exklusive Komplex bietet einen exklusiven Lebensstil in der mediterranen Sonne.","robots":{"index":"index","follow":"follow","max-snippet":"max-snippet:-1","max-image-preview":"max-image-preview:large","max-video-preview":"max-video-preview:-1"},"canonical":"https:\/\/picassotowers-malaga.com\/de\/der-komplex\/","og_locale":"de_DE","og_type":"article","og_title":"Picasso Towers M\u00e1laga - Picasso Towers","og_description":"Picasso Towers is een wooncomplex aan de rand van M\u00e1laga. Dit exclusieve complex voorziet een exclusieve leefstijl in de Mediterrane zon.","og_url":"https:\/\/picassotowers-malaga.com\/de\/der-komplex\/","og_site_name":"Picasso Towers","article_modified_time":"2024-09-18T09:19:17+00:00","twitter_card":"summary_large_image","twitter_misc":{"Gesch\u00e4tzte Lesezeit":"2\u00a0Minuten"},"schema":{"@context":"https:\/\/schema.org","@graph":[{"@type":"WebPage","@id":"https:\/\/picassotowers-malaga.com\/het-complex\/","url":"https:\/\/picassotowers-malaga.com\/het-complex\/","name":"Picasso-T\u00fcrme M\u00e1laga - Picasso-T\u00fcrme","isPartOf":{"@id":"https:\/\/picassotowers-malaga.com\/#website"},"datePublished":"2018-06-18T12:35:33+00:00","dateModified":"2024-09-18T09:19:17+00:00","description":"Picasso Towers ist eine Wohnanlage am Stadtrand von M\u00e1laga. Dieser exklusive Komplex bietet einen exklusiven Lebensstil in der mediterranen Sonne.","breadcrumb":{"@id":"https:\/\/picassotowers-malaga.com\/het-complex\/#breadcrumb"},"inLanguage":"de","potentialAction":[{"@type":"ReadAction","target":["https:\/\/picassotowers-malaga.com\/het-complex\/"]}]},{"@type":"BreadcrumbList","@id":"https:\/\/picassotowers-malaga.com\/het-complex\/#breadcrumb","itemListElement":[{"@type":"ListItem","position":1,"name":"Home","item":"https:\/\/picassotowers-malaga.com\/"},{"@type":"ListItem","position":2,"name":"Picasso Towers M\u00e1laga"}]},{"@type":"WebSite","@id":"https:\/\/picassotowers-malaga.com\/#website","url":"https:\/\/picassotowers-malaga.com\/","name":"Picasso-T\u00fcrme","description":"Neubauwohnungen - Costa del Sol - Malaga - Spanien","potentialAction":[{"@type":"SearchAction","target":{"@type":"EntryPoint","urlTemplate":"https:\/\/picassotowers-malaga.com\/?s={search_term_string}"},"query-input":{"@type":"PropertyValueSpecification","valueRequired":true,"valueName":"search_term_string"}}],"inLanguage":"de"}]}},"_links":{"self":[{"href":"https:\/\/picassotowers-malaga.com\/de\/wp-json\/wp\/v2\/pages\/26","targetHints":{"allow":["GET"]}}],"collection":[{"href":"https:\/\/picassotowers-malaga.com\/de\/wp-json\/wp\/v2\/pages"}],"about":[{"href":"https:\/\/picassotowers-malaga.com\/de\/wp-json\/wp\/v2\/types\/page"}],"author":[{"embeddable":true,"href":"https:\/\/picassotowers-malaga.com\/de\/wp-json\/wp\/v2\/users\/4"}],"replies":[{"embeddable":true,"href":"https:\/\/picassotowers-malaga.com\/de\/wp-json\/wp\/v2\/comments?post=26"}],"version-history":[{"count":25,"href":"https:\/\/picassotowers-malaga.com\/de\/wp-json\/wp\/v2\/pages\/26\/revisions"}],"predecessor-version":[{"id":3245,"href":"https:\/\/picassotowers-malaga.com\/de\/wp-json\/wp\/v2\/pages\/26\/revisions\/3245"}],"wp:attachment":[{"href":"https:\/\/picassotowers-malaga.com\/de\/wp-json\/wp\/v2\/media?parent=26"}],"curies":[{"name":"wp","href":"https:\/\/api.w.org\/{rel}","templated":true}]}}